{"id":526,"date":"2025-01-11T04:55:42","date_gmt":"2025-01-11T04:55:42","guid":{"rendered":"https:\/\/projectumcert.mamzitsolutions.com\/?post_type=product&#038;p=526"},"modified":"2026-05-05T18:34:55","modified_gmt":"2026-05-05T23:34:55","slug":"certificacao-gerenciamento-da-inovacao","status":"publish","type":"product","link":"https:\/\/projectumcert.com\/pt\/product\/innovation-management-certification\/","title":{"rendered":"Innovation Management Certified Specialist"},"content":{"rendered":"<h3><span style=\"color: #1c3661;\">Detalhes do Exame de Certifica\u00e7\u00e3o Innovation Management<\/span><\/h3>\n<p><span style=\"color: #1c3661;\"><strong>Nome:<\/strong> Innovation Management Certified Specialist \u2013 IMCS<\/span><br \/>\n<span style=\"color: #1c3661;\"><strong>Formato:<\/strong> As quest\u00f5es de m\u00faltipla escolha.<\/span><br \/>\n<span style=\"color: #1c3661;\"><strong>Entrega:<\/strong> Com base na Web (navegador), de livros fechados, sem a ajuda externa, cronometrado.<\/span><br \/>\n<span style=\"color: #1c3661;\"><strong>Dura\u00e7\u00e3o:<\/strong> Uma vez que o exame come\u00e7a, os candidatos ter\u00e3o 60 minutos para completar ele.<\/span><br \/>\n<span style=\"color: #1c3661;\"><strong>N\u00famero de Quest\u00f5es:<\/strong> 40.<\/span><br \/>\n<span style=\"color: #1c3661;\"><strong>Pontua\u00e7\u00e3o:<\/strong> 75%.<\/span><br \/>\n<span style=\"color: #1c3661;\"><strong>Idiomas Dispon\u00edveis:<\/strong> Ingl\u00eas, espanhol, franc\u00eas, portugu\u00eas e\u00a0<\/span><span style=\"color: #003366;\">\u0627\u0644\u0639\u0631\u0628\u064a\u0629.<\/span><br \/>\n<span style=\"color: #1c3661;\"><strong>Pr\u00e9-requisitos:<\/strong> Nenhum.<\/span><br \/>\n<span style=\"color: #1c3661;\"><strong>Exame supervisionado:<\/strong> Online supervis\u00e3o<\/span><br \/>\n<span style=\"color: #1c3661;\"><strong>Certifica\u00e7\u00e3o De Expira\u00e7\u00e3o:<\/strong> 2 anos<\/span><\/p>","protected":false},"excerpt":{"rendered":"<p><span style=\"color: #1c3661;\">Tornar-se o l\u00edder vision\u00e1rio as organiza\u00e7\u00f5es precisam navegar por um mundo em constante mudan\u00e7a. Esta certifica\u00e7\u00e3o valida sua experi\u00eancia na identifica\u00e7\u00e3o de oportunidades emergentes, promovendo a criatividade e a execu\u00e7\u00e3o de processos de inova\u00e7\u00e3o que geram valor sustent\u00e1vel. Ele \u00e9 projetado para profissionais que afiaram as suas compet\u00eancias e agora est\u00e3o prontos para demonstrar formalmente a sua capacidade de transformar id\u00e9ias disruptivas em acion\u00e1veis estrat\u00e9gias e promover pr\u00f3spera ecossistemas de inova\u00e7\u00e3o.<\/span><\/p>\n<p><span style=\"color: #1c3661;\">Projetado para desbravadores ansioso para deixar um impacto duradouro, essa credencial confirma o seu estatuto como um foco no futuro arquiteto de mudan\u00e7a. Alavancar os seus conhecimentos validados para a unidade de solu\u00e7\u00f5es que redefinem ind\u00fastrias e garantir o sucesso a longo prazo em uma imprevis\u00edvel paisagem.<\/span><\/p>","protected":false},"featured_media":3669,"comment_status":"closed","ping_status":"closed","template":"","meta":{"_acf_changed":false},"product_brand":[],"product_cat":[21],"product_tag":[],"class_list":{"0":"post-526","1":"product","2":"type-product","3":"status-publish","4":"has-post-thumbnail","6":"product_cat-agile","8":"first","9":"instock","10":"shipping-taxable","11":"product-type-simple"},"acf":[],"yoast_head":"<!-- This site is optimized with the Yoast SEO Premium plugin v27.5 (Yoast SEO v27.5) - https:\/\/yoast.com\/product\/yoast-seo-premium-wordpress\/ -->\n<title>Innovation Management Certification | Professional Certificate<\/title>\n<meta name=\"description\" content=\"Earn your Innovation Management Certification with a free online exam and earn a Professional Certificate and digital badge. Advance your career with PCERT.\" \/>\n<meta name=\"robots\" content=\"index, follow, max-snippet:-1, max-image-preview:large, max-video-preview:-1\" \/>\n<link rel=\"canonical\" href=\"https:\/\/projectumcert.com\/pt\/product\/certificacao-gerenciamento-da-inovacao\/\" \/>\n<meta property=\"og:locale\" content=\"pt_BR\" \/>\n<meta property=\"og:type\" content=\"article\" \/>\n<meta property=\"og:title\" content=\"Innovation Management Certified Specialist\" \/>\n<meta property=\"og:description\" content=\"Earn your Innovation Management Certification with a free online exam and earn a Professional Certificate and digital badge. Advance your career with PCERT.\" \/>\n<meta property=\"og:url\" content=\"https:\/\/projectumcert.com\/pt\/product\/certificacao-gerenciamento-da-inovacao\/\" \/>\n<meta property=\"og:site_name\" content=\"Projectum Cert\" \/>\n<meta property=\"article:publisher\" content=\"https:\/\/www.facebook.com\/Projectumcert\" \/>\n<meta property=\"article:modified_time\" content=\"2026-05-05T23:34:55+00:00\" \/>\n<meta property=\"og:image\" content=\"https:\/\/projectumcert.com\/wp-content\/uploads\/2025\/01\/IMCS.webp\" \/>\n\t<meta property=\"og:image:width\" content=\"1667\" \/>\n\t<meta property=\"og:image:height\" content=\"1667\" \/>\n\t<meta property=\"og:image:type\" content=\"image\/webp\" \/>\n<meta name=\"twitter:card\" content=\"summary_large_image\" \/>\n<meta name=\"twitter:label1\" content=\"Est. tempo de leitura\" \/>\n\t<meta name=\"twitter:data1\" content=\"1 minuto\" \/>\n<script type=\"application\/ld+json\" class=\"yoast-schema-graph\">{\"@context\":\"https:\\\/\\\/schema.org\",\"@graph\":[{\"@type\":\"WebPage\",\"@id\":\"https:\\\/\\\/projectumcert.com\\\/product\\\/innovation-management-certification\\\/\",\"url\":\"https:\\\/\\\/projectumcert.com\\\/product\\\/innovation-management-certification\\\/\",\"name\":\"Innovation Management Certification | Professional Certificate\",\"isPartOf\":{\"@id\":\"https:\\\/\\\/projectumcert.com\\\/#website\"},\"primaryImageOfPage\":{\"@id\":\"https:\\\/\\\/projectumcert.com\\\/product\\\/innovation-management-certification\\\/#primaryimage\"},\"image\":{\"@id\":\"https:\\\/\\\/projectumcert.com\\\/product\\\/innovation-management-certification\\\/#primaryimage\"},\"thumbnailUrl\":\"https:\\\/\\\/projectumcert.com\\\/wp-content\\\/uploads\\\/2025\\\/01\\\/IMCS.webp\",\"datePublished\":\"2025-01-11T04:55:42+00:00\",\"dateModified\":\"2026-05-05T23:34:55+00:00\",\"description\":\"Earn your Innovation Management Certification with a free online exam and earn a Professional Certificate and digital badge. Advance your career with PCERT.\",\"breadcrumb\":{\"@id\":\"https:\\\/\\\/projectumcert.com\\\/product\\\/innovation-management-certification\\\/#breadcrumb\"},\"inLanguage\":\"pt-BR\",\"potentialAction\":[{\"@type\":\"ReadAction\",\"target\":[\"https:\\\/\\\/projectumcert.com\\\/product\\\/innovation-management-certification\\\/\"]}]},{\"@type\":\"ImageObject\",\"inLanguage\":\"pt-BR\",\"@id\":\"https:\\\/\\\/projectumcert.com\\\/product\\\/innovation-management-certification\\\/#primaryimage\",\"url\":\"https:\\\/\\\/projectumcert.com\\\/wp-content\\\/uploads\\\/2025\\\/01\\\/IMCS.webp\",\"contentUrl\":\"https:\\\/\\\/projectumcert.com\\\/wp-content\\\/uploads\\\/2025\\\/01\\\/IMCS.webp\",\"width\":1667,\"height\":1667,\"caption\":\"Innovation Certification\"},{\"@type\":\"BreadcrumbList\",\"@id\":\"https:\\\/\\\/projectumcert.com\\\/product\\\/innovation-management-certification\\\/#breadcrumb\",\"itemListElement\":[{\"@type\":\"ListItem\",\"position\":1,\"name\":\"Home\",\"item\":\"https:\\\/\\\/projectumcert.com\\\/\"},{\"@type\":\"ListItem\",\"position\":2,\"name\":\"Shop\",\"item\":\"https:\\\/\\\/projectumcert.com\\\/shop\\\/\"},{\"@type\":\"ListItem\",\"position\":3,\"name\":\"Innovation Management Certified Specialist\"}]},{\"@type\":\"WebSite\",\"@id\":\"https:\\\/\\\/projectumcert.com\\\/#website\",\"url\":\"https:\\\/\\\/projectumcert.com\\\/\",\"name\":\"Projectum Cert\",\"description\":\"Projectum Cert\",\"publisher\":{\"@id\":\"https:\\\/\\\/projectumcert.com\\\/#organization\"},\"potentialAction\":[{\"@type\":\"SearchAction\",\"target\":{\"@type\":\"EntryPoint\",\"urlTemplate\":\"https:\\\/\\\/projectumcert.com\\\/?s={search_term_string}\"},\"query-input\":{\"@type\":\"PropertyValueSpecification\",\"valueRequired\":true,\"valueName\":\"search_term_string\"}}],\"inLanguage\":\"pt-BR\"},{\"@type\":\"Organization\",\"@id\":\"https:\\\/\\\/projectumcert.com\\\/#organization\",\"name\":\"Projectum Cert\",\"url\":\"https:\\\/\\\/projectumcert.com\\\/\",\"logo\":{\"@type\":\"ImageObject\",\"inLanguage\":\"pt-BR\",\"@id\":\"https:\\\/\\\/projectumcert.com\\\/#\\\/schema\\\/logo\\\/image\\\/\",\"url\":\"https:\\\/\\\/projectumcert.com\\\/wp-content\\\/uploads\\\/2024\\\/12\\\/PC_V-original.webp\",\"contentUrl\":\"https:\\\/\\\/projectumcert.com\\\/wp-content\\\/uploads\\\/2024\\\/12\\\/PC_V-original.webp\",\"width\":500,\"height\":500,\"caption\":\"Projectum Cert\"},\"image\":{\"@id\":\"https:\\\/\\\/projectumcert.com\\\/#\\\/schema\\\/logo\\\/image\\\/\"},\"sameAs\":[\"https:\\\/\\\/www.facebook.com\\\/Projectumcert\"]}]}<\/script>\n<!-- \/ Yoast SEO Premium plugin. -->","yoast_head_json":{"title":"Certifica\u00e7\u00e3o em Gest\u00e3o da Inova\u00e7\u00e3o | Certificado Profissional","description":"Obtenha sua certifica\u00e7\u00e3o em gest\u00e3o da inova\u00e7\u00e3o com um exame online gratuito e receba um certificado profissional e um selo digital. Avance sua carreira com a PCERT.","robots":{"index":"index","follow":"follow","max-snippet":"max-snippet:-1","max-image-preview":"max-image-preview:large","max-video-preview":"max-video-preview:-1"},"canonical":"https:\/\/projectumcert.com\/pt\/product\/certificacao-gerenciamento-da-inovacao\/","og_locale":"pt_BR","og_type":"article","og_title":"Innovation Management Certified Specialist","og_description":"Earn your Innovation Management Certification with a free online exam and earn a Professional Certificate and digital badge. Advance your career with PCERT.","og_url":"https:\/\/projectumcert.com\/pt\/product\/certificacao-gerenciamento-da-inovacao\/","og_site_name":"Projectum Cert","article_publisher":"https:\/\/www.facebook.com\/Projectumcert","article_modified_time":"2026-05-05T23:34:55+00:00","og_image":[{"width":1667,"height":1667,"url":"https:\/\/projectumcert.com\/wp-content\/uploads\/2025\/01\/IMCS.webp","type":"image\/webp"}],"twitter_card":"summary_large_image","twitter_misc":{"Est. tempo de leitura":"1 minuto"},"schema":{"@context":"https:\/\/schema.org","@graph":[{"@type":"WebPage","@id":"https:\/\/projectumcert.com\/product\/innovation-management-certification\/","url":"https:\/\/projectumcert.com\/product\/innovation-management-certification\/","name":"Certifica\u00e7\u00e3o em Gest\u00e3o da Inova\u00e7\u00e3o | Certificado Profissional","isPartOf":{"@id":"https:\/\/projectumcert.com\/#website"},"primaryImageOfPage":{"@id":"https:\/\/projectumcert.com\/product\/innovation-management-certification\/#primaryimage"},"image":{"@id":"https:\/\/projectumcert.com\/product\/innovation-management-certification\/#primaryimage"},"thumbnailUrl":"https:\/\/projectumcert.com\/wp-content\/uploads\/2025\/01\/IMCS.webp","datePublished":"2025-01-11T04:55:42+00:00","dateModified":"2026-05-05T23:34:55+00:00","description":"Obtenha sua certifica\u00e7\u00e3o em gest\u00e3o da inova\u00e7\u00e3o com um exame online gratuito e receba um certificado profissional e um selo digital. Avance sua carreira com a PCERT.","breadcrumb":{"@id":"https:\/\/projectumcert.com\/product\/innovation-management-certification\/#breadcrumb"},"inLanguage":"pt-BR","potentialAction":[{"@type":"ReadAction","target":["https:\/\/projectumcert.com\/product\/innovation-management-certification\/"]}]},{"@type":"ImageObject","inLanguage":"pt-BR","@id":"https:\/\/projectumcert.com\/product\/innovation-management-certification\/#primaryimage","url":"https:\/\/projectumcert.com\/wp-content\/uploads\/2025\/01\/IMCS.webp","contentUrl":"https:\/\/projectumcert.com\/wp-content\/uploads\/2025\/01\/IMCS.webp","width":1667,"height":1667,"caption":"Innovation Certification"},{"@type":"BreadcrumbList","@id":"https:\/\/projectumcert.com\/product\/innovation-management-certification\/#breadcrumb","itemListElement":[{"@type":"ListItem","position":1,"name":"Home","item":"https:\/\/projectumcert.com\/"},{"@type":"ListItem","position":2,"name":"Shop","item":"https:\/\/projectumcert.com\/shop\/"},{"@type":"ListItem","position":3,"name":"Innovation Management Certified Specialist"}]},{"@type":"WebSite","@id":"https:\/\/projectumcert.com\/#website","url":"https:\/\/projectumcert.com\/","name":"Projectum Cert","description":"Projectum Cert","publisher":{"@id":"https:\/\/projectumcert.com\/#organization"},"potentialAction":[{"@type":"SearchAction","target":{"@type":"EntryPoint","urlTemplate":"https:\/\/projectumcert.com\/?s={search_term_string}"},"query-input":{"@type":"PropertyValueSpecification","valueRequired":true,"valueName":"search_term_string"}}],"inLanguage":"pt-BR"},{"@type":"Organization","@id":"https:\/\/projectumcert.com\/#organization","name":"Projectum Cert","url":"https:\/\/projectumcert.com\/","logo":{"@type":"ImageObject","inLanguage":"pt-BR","@id":"https:\/\/projectumcert.com\/#\/schema\/logo\/image\/","url":"https:\/\/projectumcert.com\/wp-content\/uploads\/2024\/12\/PC_V-original.webp","contentUrl":"https:\/\/projectumcert.com\/wp-content\/uploads\/2024\/12\/PC_V-original.webp","width":500,"height":500,"caption":"Projectum Cert"},"image":{"@id":"https:\/\/projectumcert.com\/#\/schema\/logo\/image\/"},"sameAs":["https:\/\/www.facebook.com\/Projectumcert"]}]}},"_links":{"self":[{"href":"https:\/\/projectumcert.com\/pt\/wp-json\/wp\/v2\/product\/526","targetHints":{"allow":["GET"]}}],"collection":[{"href":"https:\/\/projectumcert.com\/pt\/wp-json\/wp\/v2\/product"}],"about":[{"href":"https:\/\/projectumcert.com\/pt\/wp-json\/wp\/v2\/types\/product"}],"replies":[{"embeddable":true,"href":"https:\/\/projectumcert.com\/pt\/wp-json\/wp\/v2\/comments?post=526"}],"wp:featuredmedia":[{"embeddable":true,"href":"https:\/\/projectumcert.com\/pt\/wp-json\/wp\/v2\/media\/3669"}],"wp:attachment":[{"href":"https:\/\/projectumcert.com\/pt\/wp-json\/wp\/v2\/media?parent=526"}],"wp:term":[{"taxonomy":"product_brand","embeddable":true,"href":"https:\/\/projectumcert.com\/pt\/wp-json\/wp\/v2\/product_brand?post=526"},{"taxonomy":"product_cat","embeddable":true,"href":"https:\/\/projectumcert.com\/pt\/wp-json\/wp\/v2\/product_cat?post=526"},{"taxonomy":"product_tag","embeddable":true,"href":"https:\/\/projectumcert.com\/pt\/wp-json\/wp\/v2\/product_tag?post=526"}],"curies":[{"name":"wp","href":"https:\/\/api.w.org\/{rel}","templated":true}]}}