{"id":2610,"date":"2025-05-19T19:38:11","date_gmt":"2025-05-20T00:38:11","guid":{"rendered":"https:\/\/projectumcert.com\/?post_type=product&#038;p=2610"},"modified":"2026-04-28T20:31:49","modified_gmt":"2026-04-29T01:31:49","slug":"certificacao-de-mega-projetos","status":"publish","type":"product","link":"https:\/\/projectumcert.com\/pt\/product\/mega-projects-certification\/","title":{"rendered":"MegaProject Management eXpert"},"content":{"rendered":"<h3 data-start=\"242\" data-end=\"302\"><span style=\"color: #1c3661\">Detalhes do Exame de Certifica\u00e7\u00e3o Mega Projects<\/span><\/h3>\n<p><span style=\"color: #1c3661\"><strong data-start=\"304\" data-end=\"327\">Nome:<\/strong> Mega Project Management eXpert (MEGA-PMX)<\/span><br data-start=\"369\" data-end=\"372\" \/><span style=\"color: #1c3661\"><strong data-start=\"416\" data-end=\"427\">Formato:<\/strong> As quest\u00f5es de m\u00faltipla escolha<\/span><br data-start=\"453\" data-end=\"456\" \/><span style=\"color: #1c3661\"><strong data-start=\"456\" data-end=\"469\">Entrega:<\/strong> Web-based exam (single browser), closed-book, no external assistance, timed<\/span><br data-start=\"545\" data-end=\"548\" \/><span style=\"color: #1c3661\"><strong data-start=\"548\" data-end=\"561\">Dura\u00e7\u00e3o:<\/strong> 60 minutes<\/span><br data-start=\"572\" data-end=\"575\" \/><span style=\"color: #1c3661\"><strong data-start=\"575\" data-end=\"599\">N\u00famero de Quest\u00f5es:<\/strong> 20<\/span><br data-start=\"602\" data-end=\"605\" \/><span style=\"color: #1c3661\"><strong data-start=\"605\" data-end=\"623\">Pontua\u00e7\u00e3o:<\/strong> 75%<\/span><br data-start=\"627\" data-end=\"630\" \/><span style=\"color: #1c3661\"><strong data-start=\"630\" data-end=\"654\">Idiomas Dispon\u00edveis:<\/strong> English, Spanish, French, and Portuguese and\u00a0<\/span><span style=\"color: #003366\">\u0627\u0644\u0639\u0631\u0628\u064a\u0629.<\/span><\/p>\n<ul style=\"list-style-type: none;color: #1c3661;padding-left: 0\">\n<li><strong data-start=\"699\" data-end=\"717\">Rerequisites:<\/strong><\/li>\n<\/ul>\n<ul data-start=\"720\" data-end=\"953\">\n<li data-section-id=\"1wqttw2\" data-start=\"720\" data-end=\"783\"><span style=\"color: #1c3661\">7\u201310 years of experience in complex or large-scale projects<\/span><\/li>\n<li data-section-id=\"10mtz9q\" data-start=\"784\" data-end=\"815\"><span style=\"color: #1c3661\">Bachelor\u2019s degree or higher<\/span><\/li>\n<li data-section-id=\"mk6xb1\" data-start=\"816\" data-end=\"875\"><span style=\"color: #1c3661\">At least 80 hours of formal project management training<\/span><\/li>\n<li data-section-id=\"1ki3w0g\" data-start=\"876\" data-end=\"953\"><span style=\"color: #1c3661\">Public LinkedIn profile with relevant project experience and endorsements<\/span><\/li>\n<\/ul>\n<p data-start=\"955\" data-end=\"1032\"><span style=\"color: #1c3661\"><strong data-start=\"955\" data-end=\"970\">Proctoring:<\/strong> Online proctored exam<\/span><br data-start=\"992\" data-end=\"995\" \/><span style=\"color: #1c3661\"><strong data-start=\"995\" data-end=\"1022\">Certification Validity:<\/strong> 2 anos<\/span><\/p>\n<p>&nbsp;<\/p>","protected":false},"excerpt":{"rendered":"<p><span style=\"color: #1c3661\">Megaprojetos s\u00e3o de grande escala e alto-impacto de iniciativas\u2014normalmente superior a um bilh\u00e3o de d\u00f3lares\u2014que envolvem v\u00e1rias partes interessadas, uma incerteza significativa, prazos estendidos, e a longo prazo valor estrat\u00e9gico.\u00a0<\/span><span style=\"color: #1c3661\">Melhores pr\u00e1ticas em megaprojeto de gest\u00e3o de enfatizar a import\u00e2ncia de todos os participantes-chave compreender as diferen\u00e7as fundamentais entre projetos convencionais e megaprojetos. Reconhecendo a fragilidade inerente dos megaprojetos \u00e9 crucial para uma gest\u00e3o eficaz.\u00a0<\/span><span style=\"color: #1c3661\">Estes altamente complexo iniciativas de demanda excepcional lideran\u00e7a, sofisticado coordena\u00e7\u00e3o e avan\u00e7adas de gest\u00e3o de risco\u2014al\u00e9m do escopo da norma de projeto de ambientes.\u00a0<\/span><span style=\"color: #1c3661\">A MEGA-PMX de certifica\u00e7\u00e3o \u00e9 feito sob medida para profissionais experientes que tiveram \u00eaxito led ou contribuiu para o complexo, de alto risco de projetos.\u00a0<\/span><span style=\"color: #1c3661\">Ao contr\u00e1rio geral do projeto de gerenciamento de credenciais, MEGA-PMX valida do mundo real, de experi\u00eancia em gest\u00e3o de escala, complexidade e risco exclusivos para megaprojetos.<\/span><\/p>","protected":false},"featured_media":3653,"comment_status":"closed","ping_status":"closed","template":"","meta":{"_acf_changed":false},"product_brand":[],"product_cat":[22],"product_tag":[],"class_list":{"0":"post-2610","1":"product","2":"type-product","3":"status-publish","4":"has-post-thumbnail","6":"product_cat-project-management","8":"first","9":"instock","10":"shipping-taxable","11":"product-type-simple"},"acf":[],"yoast_head":"<!-- This site is optimized with the Yoast SEO Premium plugin v27.5 (Yoast SEO v27.5) - https:\/\/yoast.com\/product\/yoast-seo-premium-wordpress\/ -->\n<title>Mega Projects Certification | Free Exam + Professional Certificate<\/title>\n<meta name=\"description\" content=\"Get your Mega Projects Certification with a free online exam and earn a Professional Certificate and digital badge. Advance your career with PCERT.\" \/>\n<meta name=\"robots\" content=\"index, follow, max-snippet:-1, max-image-preview:large, max-video-preview:-1\" \/>\n<link rel=\"canonical\" href=\"https:\/\/projectumcert.com\/pt\/product\/certificacao-de-mega-projetos\/\" \/>\n<meta property=\"og:locale\" content=\"pt_BR\" \/>\n<meta property=\"og:type\" content=\"article\" \/>\n<meta property=\"og:title\" content=\"MegaProject Management eXpert\" \/>\n<meta property=\"og:description\" content=\"Get your Mega Projects Certification with a free online exam and earn a Professional Certificate and digital badge. Advance your career with PCERT.\" \/>\n<meta property=\"og:url\" content=\"https:\/\/projectumcert.com\/pt\/product\/certificacao-de-mega-projetos\/\" \/>\n<meta property=\"og:site_name\" content=\"Projectum Cert\" \/>\n<meta property=\"article:publisher\" content=\"https:\/\/www.facebook.com\/Projectumcert\" \/>\n<meta property=\"article:modified_time\" content=\"2026-04-29T01:31:49+00:00\" \/>\n<meta property=\"og:image\" content=\"https:\/\/projectumcert.com\/wp-content\/uploads\/2025\/05\/MEGA-PMX.webp\" \/>\n\t<meta property=\"og:image:width\" content=\"1667\" \/>\n\t<meta property=\"og:image:height\" content=\"1667\" \/>\n\t<meta property=\"og:image:type\" content=\"image\/webp\" \/>\n<meta name=\"twitter:card\" content=\"summary_large_image\" \/>\n<meta name=\"twitter:label1\" content=\"Est. tempo de leitura\" \/>\n\t<meta name=\"twitter:data1\" content=\"1 minuto\" \/>\n<script type=\"application\/ld+json\" class=\"yoast-schema-graph\">{\"@context\":\"https:\\\/\\\/schema.org\",\"@graph\":[{\"@type\":\"WebPage\",\"@id\":\"https:\\\/\\\/projectumcert.com\\\/product\\\/mega-projects-certification\\\/\",\"url\":\"https:\\\/\\\/projectumcert.com\\\/product\\\/mega-projects-certification\\\/\",\"name\":\"Mega Projects Certification | Free Exam + Professional Certificate\",\"isPartOf\":{\"@id\":\"https:\\\/\\\/projectumcert.com\\\/#website\"},\"primaryImageOfPage\":{\"@id\":\"https:\\\/\\\/projectumcert.com\\\/product\\\/mega-projects-certification\\\/#primaryimage\"},\"image\":{\"@id\":\"https:\\\/\\\/projectumcert.com\\\/product\\\/mega-projects-certification\\\/#primaryimage\"},\"thumbnailUrl\":\"https:\\\/\\\/projectumcert.com\\\/wp-content\\\/uploads\\\/2025\\\/05\\\/MEGA-PMX.webp\",\"datePublished\":\"2025-05-20T00:38:11+00:00\",\"dateModified\":\"2026-04-29T01:31:49+00:00\",\"description\":\"Get your Mega Projects Certification with a free online exam and earn a Professional Certificate and digital badge. Advance your career with PCERT.\",\"breadcrumb\":{\"@id\":\"https:\\\/\\\/projectumcert.com\\\/product\\\/mega-projects-certification\\\/#breadcrumb\"},\"inLanguage\":\"pt-BR\",\"potentialAction\":[{\"@type\":\"ReadAction\",\"target\":[\"https:\\\/\\\/projectumcert.com\\\/product\\\/mega-projects-certification\\\/\"]}]},{\"@type\":\"ImageObject\",\"inLanguage\":\"pt-BR\",\"@id\":\"https:\\\/\\\/projectumcert.com\\\/product\\\/mega-projects-certification\\\/#primaryimage\",\"url\":\"https:\\\/\\\/projectumcert.com\\\/wp-content\\\/uploads\\\/2025\\\/05\\\/MEGA-PMX.webp\",\"contentUrl\":\"https:\\\/\\\/projectumcert.com\\\/wp-content\\\/uploads\\\/2025\\\/05\\\/MEGA-PMX.webp\",\"width\":1667,\"height\":1667,\"caption\":\"Mega Projects Certification\"},{\"@type\":\"BreadcrumbList\",\"@id\":\"https:\\\/\\\/projectumcert.com\\\/product\\\/mega-projects-certification\\\/#breadcrumb\",\"itemListElement\":[{\"@type\":\"ListItem\",\"position\":1,\"name\":\"Home\",\"item\":\"https:\\\/\\\/projectumcert.com\\\/\"},{\"@type\":\"ListItem\",\"position\":2,\"name\":\"Shop\",\"item\":\"https:\\\/\\\/projectumcert.com\\\/shop\\\/\"},{\"@type\":\"ListItem\",\"position\":3,\"name\":\"MegaProject Management eXpert\"}]},{\"@type\":\"WebSite\",\"@id\":\"https:\\\/\\\/projectumcert.com\\\/#website\",\"url\":\"https:\\\/\\\/projectumcert.com\\\/\",\"name\":\"Projectum Cert\",\"description\":\"Projectum Cert\",\"publisher\":{\"@id\":\"https:\\\/\\\/projectumcert.com\\\/#organization\"},\"potentialAction\":[{\"@type\":\"SearchAction\",\"target\":{\"@type\":\"EntryPoint\",\"urlTemplate\":\"https:\\\/\\\/projectumcert.com\\\/?s={search_term_string}\"},\"query-input\":{\"@type\":\"PropertyValueSpecification\",\"valueRequired\":true,\"valueName\":\"search_term_string\"}}],\"inLanguage\":\"pt-BR\"},{\"@type\":\"Organization\",\"@id\":\"https:\\\/\\\/projectumcert.com\\\/#organization\",\"name\":\"Projectum Cert\",\"url\":\"https:\\\/\\\/projectumcert.com\\\/\",\"logo\":{\"@type\":\"ImageObject\",\"inLanguage\":\"pt-BR\",\"@id\":\"https:\\\/\\\/projectumcert.com\\\/#\\\/schema\\\/logo\\\/image\\\/\",\"url\":\"https:\\\/\\\/projectumcert.com\\\/wp-content\\\/uploads\\\/2024\\\/12\\\/PC_V-original.webp\",\"contentUrl\":\"https:\\\/\\\/projectumcert.com\\\/wp-content\\\/uploads\\\/2024\\\/12\\\/PC_V-original.webp\",\"width\":500,\"height\":500,\"caption\":\"Projectum Cert\"},\"image\":{\"@id\":\"https:\\\/\\\/projectumcert.com\\\/#\\\/schema\\\/logo\\\/image\\\/\"},\"sameAs\":[\"https:\\\/\\\/www.facebook.com\\\/Projectumcert\"]}]}<\/script>\n<!-- \/ Yoast SEO Premium plugin. -->","yoast_head_json":{"title":"Mega Projects Certification | Free Exam + Professional Certificate","description":"Get your Mega Projects Certification with a free online exam and earn a Professional Certificate and digital badge. Advance your career with PCERT.","robots":{"index":"index","follow":"follow","max-snippet":"max-snippet:-1","max-image-preview":"max-image-preview:large","max-video-preview":"max-video-preview:-1"},"canonical":"https:\/\/projectumcert.com\/pt\/product\/certificacao-de-mega-projetos\/","og_locale":"pt_BR","og_type":"article","og_title":"MegaProject Management eXpert","og_description":"Get your Mega Projects Certification with a free online exam and earn a Professional Certificate and digital badge. Advance your career with PCERT.","og_url":"https:\/\/projectumcert.com\/pt\/product\/certificacao-de-mega-projetos\/","og_site_name":"Projectum Cert","article_publisher":"https:\/\/www.facebook.com\/Projectumcert","article_modified_time":"2026-04-29T01:31:49+00:00","og_image":[{"width":1667,"height":1667,"url":"https:\/\/projectumcert.com\/wp-content\/uploads\/2025\/05\/MEGA-PMX.webp","type":"image\/webp"}],"twitter_card":"summary_large_image","twitter_misc":{"Est. tempo de leitura":"1 minuto"},"schema":{"@context":"https:\/\/schema.org","@graph":[{"@type":"WebPage","@id":"https:\/\/projectumcert.com\/product\/mega-projects-certification\/","url":"https:\/\/projectumcert.com\/product\/mega-projects-certification\/","name":"Mega Projects Certification | Free Exam + Professional Certificate","isPartOf":{"@id":"https:\/\/projectumcert.com\/#website"},"primaryImageOfPage":{"@id":"https:\/\/projectumcert.com\/product\/mega-projects-certification\/#primaryimage"},"image":{"@id":"https:\/\/projectumcert.com\/product\/mega-projects-certification\/#primaryimage"},"thumbnailUrl":"https:\/\/projectumcert.com\/wp-content\/uploads\/2025\/05\/MEGA-PMX.webp","datePublished":"2025-05-20T00:38:11+00:00","dateModified":"2026-04-29T01:31:49+00:00","description":"Get your Mega Projects Certification with a free online exam and earn a Professional Certificate and digital badge. Advance your career with PCERT.","breadcrumb":{"@id":"https:\/\/projectumcert.com\/product\/mega-projects-certification\/#breadcrumb"},"inLanguage":"pt-BR","potentialAction":[{"@type":"ReadAction","target":["https:\/\/projectumcert.com\/product\/mega-projects-certification\/"]}]},{"@type":"ImageObject","inLanguage":"pt-BR","@id":"https:\/\/projectumcert.com\/product\/mega-projects-certification\/#primaryimage","url":"https:\/\/projectumcert.com\/wp-content\/uploads\/2025\/05\/MEGA-PMX.webp","contentUrl":"https:\/\/projectumcert.com\/wp-content\/uploads\/2025\/05\/MEGA-PMX.webp","width":1667,"height":1667,"caption":"Mega Projects Certification"},{"@type":"BreadcrumbList","@id":"https:\/\/projectumcert.com\/product\/mega-projects-certification\/#breadcrumb","itemListElement":[{"@type":"ListItem","position":1,"name":"Home","item":"https:\/\/projectumcert.com\/"},{"@type":"ListItem","position":2,"name":"Shop","item":"https:\/\/projectumcert.com\/shop\/"},{"@type":"ListItem","position":3,"name":"MegaProject Management eXpert"}]},{"@type":"WebSite","@id":"https:\/\/projectumcert.com\/#website","url":"https:\/\/projectumcert.com\/","name":"Projectum Cert","description":"Projectum Cert","publisher":{"@id":"https:\/\/projectumcert.com\/#organization"},"potentialAction":[{"@type":"SearchAction","target":{"@type":"EntryPoint","urlTemplate":"https:\/\/projectumcert.com\/?s={search_term_string}"},"query-input":{"@type":"PropertyValueSpecification","valueRequired":true,"valueName":"search_term_string"}}],"inLanguage":"pt-BR"},{"@type":"Organization","@id":"https:\/\/projectumcert.com\/#organization","name":"Projectum Cert","url":"https:\/\/projectumcert.com\/","logo":{"@type":"ImageObject","inLanguage":"pt-BR","@id":"https:\/\/projectumcert.com\/#\/schema\/logo\/image\/","url":"https:\/\/projectumcert.com\/wp-content\/uploads\/2024\/12\/PC_V-original.webp","contentUrl":"https:\/\/projectumcert.com\/wp-content\/uploads\/2024\/12\/PC_V-original.webp","width":500,"height":500,"caption":"Projectum Cert"},"image":{"@id":"https:\/\/projectumcert.com\/#\/schema\/logo\/image\/"},"sameAs":["https:\/\/www.facebook.com\/Projectumcert"]}]}},"_links":{"self":[{"href":"https:\/\/projectumcert.com\/pt\/wp-json\/wp\/v2\/product\/2610","targetHints":{"allow":["GET"]}}],"collection":[{"href":"https:\/\/projectumcert.com\/pt\/wp-json\/wp\/v2\/product"}],"about":[{"href":"https:\/\/projectumcert.com\/pt\/wp-json\/wp\/v2\/types\/product"}],"replies":[{"embeddable":true,"href":"https:\/\/projectumcert.com\/pt\/wp-json\/wp\/v2\/comments?post=2610"}],"wp:featuredmedia":[{"embeddable":true,"href":"https:\/\/projectumcert.com\/pt\/wp-json\/wp\/v2\/media\/3653"}],"wp:attachment":[{"href":"https:\/\/projectumcert.com\/pt\/wp-json\/wp\/v2\/media?parent=2610"}],"wp:term":[{"taxonomy":"product_brand","embeddable":true,"href":"https:\/\/projectumcert.com\/pt\/wp-json\/wp\/v2\/product_brand?post=2610"},{"taxonomy":"product_cat","embeddable":true,"href":"https:\/\/projectumcert.com\/pt\/wp-json\/wp\/v2\/product_cat?post=2610"},{"taxonomy":"product_tag","embeddable":true,"href":"https:\/\/projectumcert.com\/pt\/wp-json\/wp\/v2\/product_tag?post=2610"}],"curies":[{"name":"wp","href":"https:\/\/api.w.org\/{rel}","templated":true}]}}