{"id":2438,"date":"2025-04-21T21:12:37","date_gmt":"2025-04-22T02:12:37","guid":{"rendered":"https:\/\/projectumcert.com\/?post_type=product&#038;p=2438"},"modified":"2026-05-03T18:08:13","modified_gmt":"2026-05-03T23:08:13","slug":"certificacao-pmo","status":"publish","type":"product","link":"https:\/\/projectumcert.com\/pt\/product\/pmo-certification\/","title":{"rendered":"Project Management Office Senior eXpert"},"content":{"rendered":"<h3><span style=\"color: #1c3661;\">Detalhes do Exame de PMO Certification<\/span><\/h3>\n<p><span style=\"color: #1c3661;\"><strong>Nome:<\/strong> Project Management Office Senior eXpert\u00a0 (PMO-SX)<\/span><br \/>\n<span style=\"color: #1c3661;\"><strong>Format<\/strong>: Perguntas de m\u00faltipla escolha.<\/span><br \/>\n<span style=\"color: #1c3661;\"><strong>Entrega:<\/strong> Com base na Web (navegador), de livros fechados, sem a ajuda externa, cronometrado.<\/span><br \/>\n<span style=\"color: #1c3661;\"><strong>Dura\u00e7\u00e3o:<\/strong> Uma vez que o exame come\u00e7a, os candidatos ter\u00e3o 60 minutos para conclu\u00ed-lo.<\/span><br \/>\n<span style=\"color: #1c3661;\"><strong>N\u00famero de Quest\u00f5es:<\/strong> 40.<\/span><br \/>\n<span style=\"color: #1c3661;\"><strong>Pontua\u00e7\u00e3o:<\/strong> 75%.<\/span><br \/>\n<span style=\"color: #1c3661;\"><strong>Idiomas Dispon\u00edveis:<\/strong> English, Spanish, French and Portuguese and\u00a0<span style=\"color: #003366;\">\u0627\u0644\u0639\u0631\u0628\u064a\u0629.<\/span><\/span><br \/>\n<strong><span style=\"color: #1c3661;\">Pr\u00e9-requisitos:<\/span><\/strong><br \/>\n<span style=\"color: #1c3661;\">\u2022 Pelo menos de 7 a 10 anos de experi\u00eancia em lideran\u00e7a ou contribuir para projetos desafiadores.<\/span><br \/>\n<span style=\"color: #1c3661;\">\u2022 A conclus\u00e3o de uma licenciatura (curso de bacharelado ou de n\u00edvel superior).<\/span><br \/>\n<span style=\"color: #1c3661;\">\u2022 Um m\u00ednimo de 80 horas de formal de gest\u00e3o de projetos de forma\u00e7\u00e3o.<\/span><br \/>\n<span style=\"color: #1c3661;\">\u2022 Um p\u00fablico de perfil do LinkedIn mostrando projecto relevante experi\u00eancia profissional e endossos.<\/span><br \/>\n<span style=\"color: #1c3661;\"><strong>Exame supervisionado:<\/strong> Online supervis\u00e3o<\/span><br \/>\n<span style=\"color: #1c3661;\"><strong>Certifica\u00e7\u00e3o De Expira\u00e7\u00e3o:<\/strong>\u00a02 anos<\/span><\/p>","protected":false},"excerpt":{"rendered":"<p><span style=\"color: #1c3661;\">Um PMO (Project Management Office) \u00e9 uma equipe centralizada que garante o sucesso dos projetos, estabelecendo estruturas de governan\u00e7a, padronizando processos e alinhando os projetos aos objetivos estrat\u00e9gicos do neg\u00f3cio. O panorama do PMO varia de fun\u00e7\u00f5es de suporte a fun\u00e7\u00f5es de controle e diretivas, cada uma com pap\u00e9is diversos com base nas necessidades organizacionais, n\u00edveis de maturidade e contexto da ind\u00fastria. <\/span><br \/>\n<span style=\"color: #1c3661;\">Os candidatos devem demonstrar uma compreens\u00e3o profunda do valor que um PMO entrega em diferentes ambientes organizacionais, incluindo gest\u00e3o de portf\u00f3lio, otimiza\u00e7\u00e3o de recursos, mitiga\u00e7\u00e3o de riscos, monitoramento de desempenho e alinhamento de stakeholders. Espera-se que interpretem dados, conduzam a tomada de decis\u00f5es e garantam que os projetos proporcionem valor mensur\u00e1vel \u00e0 organiza\u00e7\u00e3o. <\/span><br \/>\n<span style=\"color: #1c3661;\">Esta certifica\u00e7\u00e3o n\u00e3o se trata de potencial: representa capacidade comprovada, expertise avan\u00e7ada e lideran\u00e7a em n\u00edvel s\u00eanior. Valida a habilidade de projetar, implementar e liderar fun\u00e7\u00f5es de PMO que promovam a excel\u00eancia organizacional, incentivem a melhoria cont\u00ednua e entreguem resultados consistentes e de alto impacto em ecossistemas de projetos complexos.<\/span><\/p>","protected":false},"featured_media":3654,"comment_status":"closed","ping_status":"closed","template":"","meta":{"_acf_changed":false},"product_brand":[],"product_cat":[22],"product_tag":[],"class_list":{"0":"post-2438","1":"product","2":"type-product","3":"status-publish","4":"has-post-thumbnail","6":"product_cat-project-management","8":"first","9":"instock","10":"shipping-taxable","11":"product-type-simple"},"acf":[],"yoast_head":"<!-- This site is optimized with the Yoast SEO Premium plugin v27.5 (Yoast SEO v27.5) - https:\/\/yoast.com\/product\/yoast-seo-premium-wordpress\/ -->\n<title>PMO Certification | Professional Certificate + Digital Badge<\/title>\n<meta name=\"description\" content=\"Get your PMO Certification with a free online exam and earn a Professional Certificate and digital badge. Advance your career with PCERT.\" \/>\n<meta name=\"robots\" content=\"index, follow, max-snippet:-1, max-image-preview:large, max-video-preview:-1\" \/>\n<link rel=\"canonical\" href=\"https:\/\/projectumcert.com\/pt\/product\/certificacao-pmo\/\" \/>\n<meta property=\"og:locale\" content=\"pt_BR\" \/>\n<meta property=\"og:type\" content=\"article\" \/>\n<meta property=\"og:title\" content=\"Project Management Office Senior eXpert\" \/>\n<meta property=\"og:description\" content=\"Get your PMO Certification with a free online exam and earn a Professional Certificate and digital badge. Advance your career with PCERT.\" \/>\n<meta property=\"og:url\" content=\"https:\/\/projectumcert.com\/pt\/product\/certificacao-pmo\/\" \/>\n<meta property=\"og:site_name\" content=\"Projectum Cert\" \/>\n<meta property=\"article:publisher\" content=\"https:\/\/www.facebook.com\/Projectumcert\" \/>\n<meta property=\"article:modified_time\" content=\"2026-05-03T23:08:13+00:00\" \/>\n<meta property=\"og:image\" content=\"https:\/\/projectumcert.com\/wp-content\/uploads\/2025\/04\/PMO-SX-2.webp\" \/>\n\t<meta property=\"og:image:width\" content=\"1667\" \/>\n\t<meta property=\"og:image:height\" content=\"1667\" \/>\n\t<meta property=\"og:image:type\" content=\"image\/webp\" \/>\n<meta name=\"twitter:card\" content=\"summary_large_image\" \/>\n<meta name=\"twitter:label1\" content=\"Est. tempo de leitura\" \/>\n\t<meta name=\"twitter:data1\" content=\"1 minuto\" \/>\n<script type=\"application\/ld+json\" class=\"yoast-schema-graph\">{\"@context\":\"https:\\\/\\\/schema.org\",\"@graph\":[{\"@type\":\"WebPage\",\"@id\":\"https:\\\/\\\/projectumcert.com\\\/product\\\/pmo-certification\\\/\",\"url\":\"https:\\\/\\\/projectumcert.com\\\/product\\\/pmo-certification\\\/\",\"name\":\"PMO Certification | Professional Certificate + Digital Badge\",\"isPartOf\":{\"@id\":\"https:\\\/\\\/projectumcert.com\\\/#website\"},\"primaryImageOfPage\":{\"@id\":\"https:\\\/\\\/projectumcert.com\\\/product\\\/pmo-certification\\\/#primaryimage\"},\"image\":{\"@id\":\"https:\\\/\\\/projectumcert.com\\\/product\\\/pmo-certification\\\/#primaryimage\"},\"thumbnailUrl\":\"https:\\\/\\\/projectumcert.com\\\/wp-content\\\/uploads\\\/2025\\\/04\\\/PMO-SX-2.webp\",\"datePublished\":\"2025-04-22T02:12:37+00:00\",\"dateModified\":\"2026-05-03T23:08:13+00:00\",\"description\":\"Get your PMO Certification with a free online exam and earn a Professional Certificate and digital badge. Advance your career with PCERT.\",\"breadcrumb\":{\"@id\":\"https:\\\/\\\/projectumcert.com\\\/product\\\/pmo-certification\\\/#breadcrumb\"},\"inLanguage\":\"pt-BR\",\"potentialAction\":[{\"@type\":\"ReadAction\",\"target\":[\"https:\\\/\\\/projectumcert.com\\\/product\\\/pmo-certification\\\/\"]}]},{\"@type\":\"ImageObject\",\"inLanguage\":\"pt-BR\",\"@id\":\"https:\\\/\\\/projectumcert.com\\\/product\\\/pmo-certification\\\/#primaryimage\",\"url\":\"https:\\\/\\\/projectumcert.com\\\/wp-content\\\/uploads\\\/2025\\\/04\\\/PMO-SX-2.webp\",\"contentUrl\":\"https:\\\/\\\/projectumcert.com\\\/wp-content\\\/uploads\\\/2025\\\/04\\\/PMO-SX-2.webp\",\"width\":1667,\"height\":1667,\"caption\":\"PMO Certification\"},{\"@type\":\"BreadcrumbList\",\"@id\":\"https:\\\/\\\/projectumcert.com\\\/product\\\/pmo-certification\\\/#breadcrumb\",\"itemListElement\":[{\"@type\":\"ListItem\",\"position\":1,\"name\":\"Home\",\"item\":\"https:\\\/\\\/projectumcert.com\\\/\"},{\"@type\":\"ListItem\",\"position\":2,\"name\":\"Shop\",\"item\":\"https:\\\/\\\/projectumcert.com\\\/shop\\\/\"},{\"@type\":\"ListItem\",\"position\":3,\"name\":\"Project Management Office Senior eXpert\"}]},{\"@type\":\"WebSite\",\"@id\":\"https:\\\/\\\/projectumcert.com\\\/#website\",\"url\":\"https:\\\/\\\/projectumcert.com\\\/\",\"name\":\"Projectum Cert\",\"description\":\"Projectum Cert\",\"publisher\":{\"@id\":\"https:\\\/\\\/projectumcert.com\\\/#organization\"},\"potentialAction\":[{\"@type\":\"SearchAction\",\"target\":{\"@type\":\"EntryPoint\",\"urlTemplate\":\"https:\\\/\\\/projectumcert.com\\\/?s={search_term_string}\"},\"query-input\":{\"@type\":\"PropertyValueSpecification\",\"valueRequired\":true,\"valueName\":\"search_term_string\"}}],\"inLanguage\":\"pt-BR\"},{\"@type\":\"Organization\",\"@id\":\"https:\\\/\\\/projectumcert.com\\\/#organization\",\"name\":\"Projectum Cert\",\"url\":\"https:\\\/\\\/projectumcert.com\\\/\",\"logo\":{\"@type\":\"ImageObject\",\"inLanguage\":\"pt-BR\",\"@id\":\"https:\\\/\\\/projectumcert.com\\\/#\\\/schema\\\/logo\\\/image\\\/\",\"url\":\"https:\\\/\\\/projectumcert.com\\\/wp-content\\\/uploads\\\/2024\\\/12\\\/PC_V-original.webp\",\"contentUrl\":\"https:\\\/\\\/projectumcert.com\\\/wp-content\\\/uploads\\\/2024\\\/12\\\/PC_V-original.webp\",\"width\":500,\"height\":500,\"caption\":\"Projectum Cert\"},\"image\":{\"@id\":\"https:\\\/\\\/projectumcert.com\\\/#\\\/schema\\\/logo\\\/image\\\/\"},\"sameAs\":[\"https:\\\/\\\/www.facebook.com\\\/Projectumcert\"]}]}<\/script>\n<!-- \/ Yoast SEO Premium plugin. -->","yoast_head_json":{"title":"Certifica\u00e7\u00e3o PMO | Certificado Profissional + Selo Digital","description":"Obtenha sua Certifica\u00e7\u00e3o PMO com um exame on-line gratuito e ganhe um certificado profissional e um selo digital. Avance em sua carreira com o PCERT","robots":{"index":"index","follow":"follow","max-snippet":"max-snippet:-1","max-image-preview":"max-image-preview:large","max-video-preview":"max-video-preview:-1"},"canonical":"https:\/\/projectumcert.com\/pt\/product\/certificacao-pmo\/","og_locale":"pt_BR","og_type":"article","og_title":"Project Management Office Senior eXpert","og_description":"Get your PMO Certification with a free online exam and earn a Professional Certificate and digital badge. Advance your career with PCERT.","og_url":"https:\/\/projectumcert.com\/pt\/product\/certificacao-pmo\/","og_site_name":"Projectum Cert","article_publisher":"https:\/\/www.facebook.com\/Projectumcert","article_modified_time":"2026-05-03T23:08:13+00:00","og_image":[{"width":1667,"height":1667,"url":"https:\/\/projectumcert.com\/wp-content\/uploads\/2025\/04\/PMO-SX-2.webp","type":"image\/webp"}],"twitter_card":"summary_large_image","twitter_misc":{"Est. tempo de leitura":"1 minuto"},"schema":{"@context":"https:\/\/schema.org","@graph":[{"@type":"WebPage","@id":"https:\/\/projectumcert.com\/product\/pmo-certification\/","url":"https:\/\/projectumcert.com\/product\/pmo-certification\/","name":"Certifica\u00e7\u00e3o PMO | Certificado Profissional + Selo Digital","isPartOf":{"@id":"https:\/\/projectumcert.com\/#website"},"primaryImageOfPage":{"@id":"https:\/\/projectumcert.com\/product\/pmo-certification\/#primaryimage"},"image":{"@id":"https:\/\/projectumcert.com\/product\/pmo-certification\/#primaryimage"},"thumbnailUrl":"https:\/\/projectumcert.com\/wp-content\/uploads\/2025\/04\/PMO-SX-2.webp","datePublished":"2025-04-22T02:12:37+00:00","dateModified":"2026-05-03T23:08:13+00:00","description":"Obtenha sua Certifica\u00e7\u00e3o PMO com um exame on-line gratuito e ganhe um certificado profissional e um selo digital. Avance em sua carreira com o PCERT","breadcrumb":{"@id":"https:\/\/projectumcert.com\/product\/pmo-certification\/#breadcrumb"},"inLanguage":"pt-BR","potentialAction":[{"@type":"ReadAction","target":["https:\/\/projectumcert.com\/product\/pmo-certification\/"]}]},{"@type":"ImageObject","inLanguage":"pt-BR","@id":"https:\/\/projectumcert.com\/product\/pmo-certification\/#primaryimage","url":"https:\/\/projectumcert.com\/wp-content\/uploads\/2025\/04\/PMO-SX-2.webp","contentUrl":"https:\/\/projectumcert.com\/wp-content\/uploads\/2025\/04\/PMO-SX-2.webp","width":1667,"height":1667,"caption":"PMO Certification"},{"@type":"BreadcrumbList","@id":"https:\/\/projectumcert.com\/product\/pmo-certification\/#breadcrumb","itemListElement":[{"@type":"ListItem","position":1,"name":"Home","item":"https:\/\/projectumcert.com\/"},{"@type":"ListItem","position":2,"name":"Shop","item":"https:\/\/projectumcert.com\/shop\/"},{"@type":"ListItem","position":3,"name":"Project Management Office Senior eXpert"}]},{"@type":"WebSite","@id":"https:\/\/projectumcert.com\/#website","url":"https:\/\/projectumcert.com\/","name":"Projectum Cert","description":"Projectum Cert","publisher":{"@id":"https:\/\/projectumcert.com\/#organization"},"potentialAction":[{"@type":"SearchAction","target":{"@type":"EntryPoint","urlTemplate":"https:\/\/projectumcert.com\/?s={search_term_string}"},"query-input":{"@type":"PropertyValueSpecification","valueRequired":true,"valueName":"search_term_string"}}],"inLanguage":"pt-BR"},{"@type":"Organization","@id":"https:\/\/projectumcert.com\/#organization","name":"Projectum Cert","url":"https:\/\/projectumcert.com\/","logo":{"@type":"ImageObject","inLanguage":"pt-BR","@id":"https:\/\/projectumcert.com\/#\/schema\/logo\/image\/","url":"https:\/\/projectumcert.com\/wp-content\/uploads\/2024\/12\/PC_V-original.webp","contentUrl":"https:\/\/projectumcert.com\/wp-content\/uploads\/2024\/12\/PC_V-original.webp","width":500,"height":500,"caption":"Projectum Cert"},"image":{"@id":"https:\/\/projectumcert.com\/#\/schema\/logo\/image\/"},"sameAs":["https:\/\/www.facebook.com\/Projectumcert"]}]}},"_links":{"self":[{"href":"https:\/\/projectumcert.com\/pt\/wp-json\/wp\/v2\/product\/2438","targetHints":{"allow":["GET"]}}],"collection":[{"href":"https:\/\/projectumcert.com\/pt\/wp-json\/wp\/v2\/product"}],"about":[{"href":"https:\/\/projectumcert.com\/pt\/wp-json\/wp\/v2\/types\/product"}],"replies":[{"embeddable":true,"href":"https:\/\/projectumcert.com\/pt\/wp-json\/wp\/v2\/comments?post=2438"}],"wp:featuredmedia":[{"embeddable":true,"href":"https:\/\/projectumcert.com\/pt\/wp-json\/wp\/v2\/media\/3654"}],"wp:attachment":[{"href":"https:\/\/projectumcert.com\/pt\/wp-json\/wp\/v2\/media?parent=2438"}],"wp:term":[{"taxonomy":"product_brand","embeddable":true,"href":"https:\/\/projectumcert.com\/pt\/wp-json\/wp\/v2\/product_brand?post=2438"},{"taxonomy":"product_cat","embeddable":true,"href":"https:\/\/projectumcert.com\/pt\/wp-json\/wp\/v2\/product_cat?post=2438"},{"taxonomy":"product_tag","embeddable":true,"href":"https:\/\/projectumcert.com\/pt\/wp-json\/wp\/v2\/product_tag?post=2438"}],"curies":[{"name":"wp","href":"https:\/\/api.w.org\/{rel}","templated":true}]}}