{"id":2334,"date":"2025-04-12T15:05:29","date_gmt":"2025-04-12T15:05:29","guid":{"rendered":"https:\/\/projectumcert.com\/?post_type=product&#038;p=2334"},"modified":"2026-04-30T22:50:56","modified_gmt":"2026-05-01T03:50:56","slug":"certificacao-evm","status":"publish","type":"product","link":"https:\/\/projectumcert.com\/pt\/product\/evm-certification\/","title":{"rendered":"Earned Value Management Senior\u00a0eXpert"},"content":{"rendered":"<h3><span style=\"color: #003366;\">Detalhes do Exame de Certifica\u00e7\u00e3o EVM<\/span><\/h3>\n<p><span style=\"color: #003366;\"><strong>Nome:<\/strong> Gest\u00e3o do Valor ganho especialista S\u00e9nior \u2013 EVMSX<\/span><br \/>\n<span style=\"color: #003366;\"><strong>Formato:<\/strong> As quest\u00f5es de m\u00faltipla escolha<\/span><br \/>\n<span style=\"color: #003366;\"><strong>Entrega:<\/strong> Com base na Web (navegador), de livros fechados, sem a ajuda externa, cronometrado<\/span><br \/>\n<span style=\"color: #003366;\"><strong>Dura\u00e7\u00e3o:<\/strong> Uma vez que o exame come\u00e7a, os candidatos ter\u00e3o 60 minutos para conclu\u00ed-lo.<\/span><br \/>\n<span style=\"color: #003366;\"><strong>N\u00famero de Quest\u00f5es:<\/strong> 40.<\/span><br \/>\n<span style=\"color: #003366;\"><strong>Pontua\u00e7\u00e3o:<\/strong> 75%.<\/span><br \/>\n<span style=\"color: #003366;\"><strong>Idiomas Dispon\u00edveis:<\/strong> English, Spanish, French, Portuguese and\u00a0\u0627\u0644\u0639\u0631\u0628\u064a\u0629.<\/span><br \/>\n<span style=\"color: #003366;\"><strong>Pr\u00e9-requisitos:<\/strong> <\/span><br \/>\n<span style=\"color: #003366;\">\u2022 Pelo menos de 7 a 10 anos de experi\u00eancia em lideran\u00e7a ou contribuir para projetos desafiadores.<br \/>\n\u2022 A conclus\u00e3o de uma licenciatura (curso de bacharelado ou de n\u00edvel superior).<br \/>\n\u2022 Um m\u00ednimo de 80 horas de formal de gest\u00e3o de projetos de forma\u00e7\u00e3o.<br \/>\n\u2022 Um p\u00fablico de perfil do LinkedIn mostrando projecto relevante experi\u00eancia profissional e endossos.<\/span><br \/>\n<span style=\"color: #003366;\"><strong>Exame supervisionado:<\/strong> Online supervis\u00e3o<\/span><br \/>\n<span style=\"color: #003366;\"><strong>Certifica\u00e7\u00e3o De Expira\u00e7\u00e3o:<\/strong>\u00a02 anos<\/span><\/p>","protected":false},"excerpt":{"rendered":"<p>Um profissional s\u00eanior em gest\u00e3o de projetos deve obter a certifica\u00e7\u00e3o EVM (Earned Value Management) por v\u00e1rias raz\u00f5es importantes: EVM \u00e9 uma t\u00e9cnica chave para monitoramento e controle de projetos; domin\u00e1-la demonstra compreens\u00e3o s\u00f3lida de como medir o desempenho e o progresso do projeto usando m\u00e9tricas precisas. Obter a certifica\u00e7\u00e3o mostra comprometimento com a melhoria cont\u00ednua e aumenta o perfil profissional, posicionando o indiv\u00edduo como um especialista confi\u00e1vel na \u00e1rea. Al\u00e9m disso, as organiza\u00e7\u00f5es valorizam profissionais certificados, o que pode abrir portas para cargos mais estrat\u00e9gicos ou de maior responsabilidade.<\/p>","protected":false},"featured_media":3655,"comment_status":"closed","ping_status":"closed","template":"","meta":{"_acf_changed":false},"product_brand":[],"product_cat":[22],"product_tag":[],"class_list":{"0":"post-2334","1":"product","2":"type-product","3":"status-publish","4":"has-post-thumbnail","6":"product_cat-project-management","8":"first","9":"instock","10":"shipping-taxable","11":"product-type-simple"},"acf":[],"yoast_head":"<!-- This site is optimized with the Yoast SEO Premium plugin v27.5 (Yoast SEO v27.5) - https:\/\/yoast.com\/product\/yoast-seo-premium-wordpress\/ -->\n<title>EVM Certification | Free Exam + Professional Certificate<\/title>\n<meta name=\"description\" content=\"Get your Free EVM Certification with a free online exam and earn a Professional Certificate and digital badge. Advance your career with PCERT.\" \/>\n<meta name=\"robots\" content=\"index, follow, max-snippet:-1, max-image-preview:large, max-video-preview:-1\" \/>\n<link rel=\"canonical\" href=\"https:\/\/projectumcert.com\/pt\/product\/certificacao-evm\/\" \/>\n<meta property=\"og:locale\" content=\"pt_BR\" \/>\n<meta property=\"og:type\" content=\"article\" \/>\n<meta property=\"og:title\" content=\"Earned Value Management Senior\u00a0eXpert\" \/>\n<meta property=\"og:description\" content=\"Get your Free EVM Certification with a free online exam and earn a Professional Certificate and digital badge. Advance your career with PCERT.\" \/>\n<meta property=\"og:url\" content=\"https:\/\/projectumcert.com\/pt\/product\/certificacao-evm\/\" \/>\n<meta property=\"og:site_name\" content=\"Projectum Cert\" \/>\n<meta property=\"article:publisher\" content=\"https:\/\/www.facebook.com\/Projectumcert\" \/>\n<meta property=\"article:modified_time\" content=\"2026-05-01T03:50:56+00:00\" \/>\n<meta property=\"og:image\" content=\"https:\/\/projectumcert.com\/wp-content\/uploads\/2025\/04\/EVMSX-1-1.webp\" \/>\n\t<meta property=\"og:image:width\" content=\"1667\" \/>\n\t<meta property=\"og:image:height\" content=\"1667\" \/>\n\t<meta property=\"og:image:type\" content=\"image\/webp\" \/>\n<meta name=\"twitter:card\" content=\"summary_large_image\" \/>\n<meta name=\"twitter:label1\" content=\"Est. tempo de leitura\" \/>\n\t<meta name=\"twitter:data1\" content=\"1 minuto\" \/>\n<script type=\"application\/ld+json\" class=\"yoast-schema-graph\">{\"@context\":\"https:\\\/\\\/schema.org\",\"@graph\":[{\"@type\":\"WebPage\",\"@id\":\"https:\\\/\\\/projectumcert.com\\\/product\\\/evm-certification\\\/\",\"url\":\"https:\\\/\\\/projectumcert.com\\\/product\\\/evm-certification\\\/\",\"name\":\"EVM Certification | Free Exam + Professional Certificate\",\"isPartOf\":{\"@id\":\"https:\\\/\\\/projectumcert.com\\\/#website\"},\"primaryImageOfPage\":{\"@id\":\"https:\\\/\\\/projectumcert.com\\\/product\\\/evm-certification\\\/#primaryimage\"},\"image\":{\"@id\":\"https:\\\/\\\/projectumcert.com\\\/product\\\/evm-certification\\\/#primaryimage\"},\"thumbnailUrl\":\"https:\\\/\\\/projectumcert.com\\\/wp-content\\\/uploads\\\/2025\\\/04\\\/EVMSX-1-1.webp\",\"datePublished\":\"2025-04-12T15:05:29+00:00\",\"dateModified\":\"2026-05-01T03:50:56+00:00\",\"description\":\"Get your Free EVM Certification with a free online exam and earn a Professional Certificate and digital badge. Advance your career with PCERT.\",\"breadcrumb\":{\"@id\":\"https:\\\/\\\/projectumcert.com\\\/product\\\/evm-certification\\\/#breadcrumb\"},\"inLanguage\":\"pt-BR\",\"potentialAction\":[{\"@type\":\"ReadAction\",\"target\":[\"https:\\\/\\\/projectumcert.com\\\/product\\\/evm-certification\\\/\"]}]},{\"@type\":\"ImageObject\",\"inLanguage\":\"pt-BR\",\"@id\":\"https:\\\/\\\/projectumcert.com\\\/product\\\/evm-certification\\\/#primaryimage\",\"url\":\"https:\\\/\\\/projectumcert.com\\\/wp-content\\\/uploads\\\/2025\\\/04\\\/EVMSX-1-1.webp\",\"contentUrl\":\"https:\\\/\\\/projectumcert.com\\\/wp-content\\\/uploads\\\/2025\\\/04\\\/EVMSX-1-1.webp\",\"width\":1667,\"height\":1667,\"caption\":\"EVM Certification\"},{\"@type\":\"BreadcrumbList\",\"@id\":\"https:\\\/\\\/projectumcert.com\\\/product\\\/evm-certification\\\/#breadcrumb\",\"itemListElement\":[{\"@type\":\"ListItem\",\"position\":1,\"name\":\"Home\",\"item\":\"https:\\\/\\\/projectumcert.com\\\/\"},{\"@type\":\"ListItem\",\"position\":2,\"name\":\"Shop\",\"item\":\"https:\\\/\\\/projectumcert.com\\\/shop\\\/\"},{\"@type\":\"ListItem\",\"position\":3,\"name\":\"Earned Value Management Senior\u00a0eXpert\"}]},{\"@type\":\"WebSite\",\"@id\":\"https:\\\/\\\/projectumcert.com\\\/#website\",\"url\":\"https:\\\/\\\/projectumcert.com\\\/\",\"name\":\"Projectum Cert\",\"description\":\"Projectum Cert\",\"publisher\":{\"@id\":\"https:\\\/\\\/projectumcert.com\\\/#organization\"},\"potentialAction\":[{\"@type\":\"SearchAction\",\"target\":{\"@type\":\"EntryPoint\",\"urlTemplate\":\"https:\\\/\\\/projectumcert.com\\\/?s={search_term_string}\"},\"query-input\":{\"@type\":\"PropertyValueSpecification\",\"valueRequired\":true,\"valueName\":\"search_term_string\"}}],\"inLanguage\":\"pt-BR\"},{\"@type\":\"Organization\",\"@id\":\"https:\\\/\\\/projectumcert.com\\\/#organization\",\"name\":\"Projectum Cert\",\"url\":\"https:\\\/\\\/projectumcert.com\\\/\",\"logo\":{\"@type\":\"ImageObject\",\"inLanguage\":\"pt-BR\",\"@id\":\"https:\\\/\\\/projectumcert.com\\\/#\\\/schema\\\/logo\\\/image\\\/\",\"url\":\"https:\\\/\\\/projectumcert.com\\\/wp-content\\\/uploads\\\/2024\\\/12\\\/PC_V-original.webp\",\"contentUrl\":\"https:\\\/\\\/projectumcert.com\\\/wp-content\\\/uploads\\\/2024\\\/12\\\/PC_V-original.webp\",\"width\":500,\"height\":500,\"caption\":\"Projectum Cert\"},\"image\":{\"@id\":\"https:\\\/\\\/projectumcert.com\\\/#\\\/schema\\\/logo\\\/image\\\/\"},\"sameAs\":[\"https:\\\/\\\/www.facebook.com\\\/Projectumcert\"]}]}<\/script>\n<!-- \/ Yoast SEO Premium plugin. -->","yoast_head_json":{"title":"EVM Certification | Free Exam + Professional Certificate","description":"Get your Free EVM Certification with a free online exam and earn a Professional Certificate and digital badge. Advance your career with PCERT.","robots":{"index":"index","follow":"follow","max-snippet":"max-snippet:-1","max-image-preview":"max-image-preview:large","max-video-preview":"max-video-preview:-1"},"canonical":"https:\/\/projectumcert.com\/pt\/product\/certificacao-evm\/","og_locale":"pt_BR","og_type":"article","og_title":"Earned Value Management Senior\u00a0eXpert","og_description":"Get your Free EVM Certification with a free online exam and earn a Professional Certificate and digital badge. Advance your career with PCERT.","og_url":"https:\/\/projectumcert.com\/pt\/product\/certificacao-evm\/","og_site_name":"Projectum Cert","article_publisher":"https:\/\/www.facebook.com\/Projectumcert","article_modified_time":"2026-05-01T03:50:56+00:00","og_image":[{"width":1667,"height":1667,"url":"https:\/\/projectumcert.com\/wp-content\/uploads\/2025\/04\/EVMSX-1-1.webp","type":"image\/webp"}],"twitter_card":"summary_large_image","twitter_misc":{"Est. tempo de leitura":"1 minuto"},"schema":{"@context":"https:\/\/schema.org","@graph":[{"@type":"WebPage","@id":"https:\/\/projectumcert.com\/product\/evm-certification\/","url":"https:\/\/projectumcert.com\/product\/evm-certification\/","name":"EVM Certification | Free Exam + Professional Certificate","isPartOf":{"@id":"https:\/\/projectumcert.com\/#website"},"primaryImageOfPage":{"@id":"https:\/\/projectumcert.com\/product\/evm-certification\/#primaryimage"},"image":{"@id":"https:\/\/projectumcert.com\/product\/evm-certification\/#primaryimage"},"thumbnailUrl":"https:\/\/projectumcert.com\/wp-content\/uploads\/2025\/04\/EVMSX-1-1.webp","datePublished":"2025-04-12T15:05:29+00:00","dateModified":"2026-05-01T03:50:56+00:00","description":"Get your Free EVM Certification with a free online exam and earn a Professional Certificate and digital badge. Advance your career with PCERT.","breadcrumb":{"@id":"https:\/\/projectumcert.com\/product\/evm-certification\/#breadcrumb"},"inLanguage":"pt-BR","potentialAction":[{"@type":"ReadAction","target":["https:\/\/projectumcert.com\/product\/evm-certification\/"]}]},{"@type":"ImageObject","inLanguage":"pt-BR","@id":"https:\/\/projectumcert.com\/product\/evm-certification\/#primaryimage","url":"https:\/\/projectumcert.com\/wp-content\/uploads\/2025\/04\/EVMSX-1-1.webp","contentUrl":"https:\/\/projectumcert.com\/wp-content\/uploads\/2025\/04\/EVMSX-1-1.webp","width":1667,"height":1667,"caption":"EVM Certification"},{"@type":"BreadcrumbList","@id":"https:\/\/projectumcert.com\/product\/evm-certification\/#breadcrumb","itemListElement":[{"@type":"ListItem","position":1,"name":"Home","item":"https:\/\/projectumcert.com\/"},{"@type":"ListItem","position":2,"name":"Shop","item":"https:\/\/projectumcert.com\/shop\/"},{"@type":"ListItem","position":3,"name":"Earned Value Management Senior\u00a0eXpert"}]},{"@type":"WebSite","@id":"https:\/\/projectumcert.com\/#website","url":"https:\/\/projectumcert.com\/","name":"Projectum Cert","description":"Projectum Cert","publisher":{"@id":"https:\/\/projectumcert.com\/#organization"},"potentialAction":[{"@type":"SearchAction","target":{"@type":"EntryPoint","urlTemplate":"https:\/\/projectumcert.com\/?s={search_term_string}"},"query-input":{"@type":"PropertyValueSpecification","valueRequired":true,"valueName":"search_term_string"}}],"inLanguage":"pt-BR"},{"@type":"Organization","@id":"https:\/\/projectumcert.com\/#organization","name":"Projectum Cert","url":"https:\/\/projectumcert.com\/","logo":{"@type":"ImageObject","inLanguage":"pt-BR","@id":"https:\/\/projectumcert.com\/#\/schema\/logo\/image\/","url":"https:\/\/projectumcert.com\/wp-content\/uploads\/2024\/12\/PC_V-original.webp","contentUrl":"https:\/\/projectumcert.com\/wp-content\/uploads\/2024\/12\/PC_V-original.webp","width":500,"height":500,"caption":"Projectum Cert"},"image":{"@id":"https:\/\/projectumcert.com\/#\/schema\/logo\/image\/"},"sameAs":["https:\/\/www.facebook.com\/Projectumcert"]}]}},"_links":{"self":[{"href":"https:\/\/projectumcert.com\/pt\/wp-json\/wp\/v2\/product\/2334","targetHints":{"allow":["GET"]}}],"collection":[{"href":"https:\/\/projectumcert.com\/pt\/wp-json\/wp\/v2\/product"}],"about":[{"href":"https:\/\/projectumcert.com\/pt\/wp-json\/wp\/v2\/types\/product"}],"replies":[{"embeddable":true,"href":"https:\/\/projectumcert.com\/pt\/wp-json\/wp\/v2\/comments?post=2334"}],"wp:featuredmedia":[{"embeddable":true,"href":"https:\/\/projectumcert.com\/pt\/wp-json\/wp\/v2\/media\/3655"}],"wp:attachment":[{"href":"https:\/\/projectumcert.com\/pt\/wp-json\/wp\/v2\/media?parent=2334"}],"wp:term":[{"taxonomy":"product_brand","embeddable":true,"href":"https:\/\/projectumcert.com\/pt\/wp-json\/wp\/v2\/product_brand?post=2334"},{"taxonomy":"product_cat","embeddable":true,"href":"https:\/\/projectumcert.com\/pt\/wp-json\/wp\/v2\/product_cat?post=2334"},{"taxonomy":"product_tag","embeddable":true,"href":"https:\/\/projectumcert.com\/pt\/wp-json\/wp\/v2\/product_tag?post=2334"}],"curies":[{"name":"wp","href":"https:\/\/api.w.org\/{rel}","templated":true}]}}