{"id":526,"date":"2025-01-11T04:55:42","date_gmt":"2025-01-11T04:55:42","guid":{"rendered":"https:\/\/projectumcert.mamzitsolutions.com\/?post_type=product&#038;p=526"},"modified":"2026-05-05T18:34:55","modified_gmt":"2026-05-05T23:34:55","slug":"certification-gestion-de-linnovation","status":"publish","type":"product","link":"https:\/\/projectumcert.com\/fr\/product\/innovation-management-certification\/","title":{"rendered":"Innovation Management Certified Specialist"},"content":{"rendered":"<h3><span style=\"color: #1c3661;\">D\u00e9tails de l'Examen de Certification Innovation Management<\/span><\/h3>\n<p><span style=\"color: #1c3661;\"><strong>Nom de la certification:<\/strong> Innovation Management Certified Specialist \u2013 IMCS<\/span><br \/>\n<span style=\"color: #1c3661;\"><strong>Format:<\/strong> Questions \u00e0 choix multiples (QCM)<\/span><br \/>\n<span style=\"color: #1c3661;\"><strong>Modalit\u00e9s:<\/strong> Bas\u00e9e sur le Web (navigateur), \u00e0 livre ferm\u00e9, sans aide ext\u00e9rieure, chronom\u00e9tr\u00e9.<\/span><br \/>\n<span style=\"color: #1c3661;\"><strong>Dur\u00e9e:<\/strong> Une fois l'examen commence, les candidats ont 60 minutes pour le compl\u00e9ter.<\/span><br \/>\n<span style=\"color: #1c3661;\"><strong>Nombre de Questions:<\/strong> 40.<\/span><br \/>\n<span style=\"color: #1c3661;\"><strong>Note De Passage:<\/strong> 75%.<\/span><br \/>\n<span style=\"color: #1c3661;\"><strong>Langues Disponibles:<\/strong> Anglais, espagnol, fran\u00e7ais, portugais et\u00a0<\/span><span style=\"color: #003366;\">\u0627\u0644\u0639\u0631\u0628\u064a\u0629.<\/span><br \/>\n<span style=\"color: #1c3661;\"><strong>Conditions pr\u00e9alables:<\/strong> Aucune<\/span><br \/>\n<span style=\"color: #1c3661;\"><strong>Surveill\u00e9 examen:<\/strong> En ligne proctoring<\/span><br \/>\n<span style=\"color: #1c3661;\"><strong>Expiration de la certification:<\/strong> 2 ans<\/span><\/p>","protected":false},"excerpt":{"rendered":"<p><span style=\"color: #1c3661;\">Devenir le leader visionnaire, les organisations ont besoin pour naviguer dans un monde en constante \u00e9volution. Cette certification valide votre expertise dans l'identification de nouvelles opportunit\u00e9s, la stimulation de la cr\u00e9ativit\u00e9 et de l'ex\u00e9cution des processus d'innovation qui g\u00e9n\u00e8rent de la valeur durable. Il est con\u00e7u pour les professionnels qui ont perfectionn\u00e9 leurs comp\u00e9tences et sont maintenant pr\u00eats \u00e0 formellement d\u00e9montrer leur capacit\u00e9 \u00e0 transformer des perturbateurs id\u00e9es dans des pistes de strat\u00e9gies et de favoriser la prosp\u00e9rit\u00e9 des \u00e9cosyst\u00e8mes de l'innovation.<\/span><\/p>\n<p><span style=\"color: #1c3661;\">Con\u00e7u pour les pionniers d\u00e9sireux de laisser un impact durable, ce certificat confirme votre statut de l'avenir de l'architecte du changement. Tirer parti de votre validation de votre expertise pour trouver des solutions qui red\u00e9finissent les industries et d'assurer le succ\u00e8s \u00e0 long terme dans un impr\u00e9visible paysage.<\/span><\/p>","protected":false},"featured_media":3669,"comment_status":"closed","ping_status":"closed","template":"","meta":{"_acf_changed":false},"product_brand":[],"product_cat":[21],"product_tag":[],"class_list":{"0":"post-526","1":"product","2":"type-product","3":"status-publish","4":"has-post-thumbnail","6":"product_cat-agile","8":"first","9":"instock","10":"shipping-taxable","11":"product-type-simple"},"acf":[],"yoast_head":"<!-- This site is optimized with the Yoast SEO Premium plugin v27.5 (Yoast SEO v27.5) - https:\/\/yoast.com\/product\/yoast-seo-premium-wordpress\/ -->\n<title>Innovation Management Certification | Professional Certificate<\/title>\n<meta name=\"description\" content=\"Earn your Innovation Management Certification with a free online exam and earn a Professional Certificate and digital badge. Advance your career with PCERT.\" \/>\n<meta name=\"robots\" content=\"index, follow, max-snippet:-1, max-image-preview:large, max-video-preview:-1\" \/>\n<link rel=\"canonical\" href=\"https:\/\/projectumcert.com\/fr\/produit\/certification-gestion-de-linnovation\/\" \/>\n<meta property=\"og:locale\" content=\"fr_FR\" \/>\n<meta property=\"og:type\" content=\"article\" \/>\n<meta property=\"og:title\" content=\"Innovation Management Certified Specialist\" \/>\n<meta property=\"og:description\" content=\"Earn your Innovation Management Certification with a free online exam and earn a Professional Certificate and digital badge. Advance your career with PCERT.\" \/>\n<meta property=\"og:url\" content=\"https:\/\/projectumcert.com\/fr\/produit\/certification-gestion-de-linnovation\/\" \/>\n<meta property=\"og:site_name\" content=\"Projectum Cert\" \/>\n<meta property=\"article:publisher\" content=\"https:\/\/www.facebook.com\/Projectumcert\" \/>\n<meta property=\"article:modified_time\" content=\"2026-05-05T23:34:55+00:00\" \/>\n<meta property=\"og:image\" content=\"https:\/\/projectumcert.com\/wp-content\/uploads\/2025\/01\/IMCS.webp\" \/>\n\t<meta property=\"og:image:width\" content=\"1667\" \/>\n\t<meta property=\"og:image:height\" content=\"1667\" \/>\n\t<meta property=\"og:image:type\" content=\"image\/webp\" \/>\n<meta name=\"twitter:card\" content=\"summary_large_image\" \/>\n<meta name=\"twitter:label1\" content=\"Dur\u00e9e de lecture estim\u00e9e\" \/>\n\t<meta name=\"twitter:data1\" content=\"1 minute\" \/>\n<script type=\"application\/ld+json\" class=\"yoast-schema-graph\">{\"@context\":\"https:\\\/\\\/schema.org\",\"@graph\":[{\"@type\":\"WebPage\",\"@id\":\"https:\\\/\\\/projectumcert.com\\\/product\\\/innovation-management-certification\\\/\",\"url\":\"https:\\\/\\\/projectumcert.com\\\/product\\\/innovation-management-certification\\\/\",\"name\":\"Innovation Management Certification | Professional Certificate\",\"isPartOf\":{\"@id\":\"https:\\\/\\\/projectumcert.com\\\/#website\"},\"primaryImageOfPage\":{\"@id\":\"https:\\\/\\\/projectumcert.com\\\/product\\\/innovation-management-certification\\\/#primaryimage\"},\"image\":{\"@id\":\"https:\\\/\\\/projectumcert.com\\\/product\\\/innovation-management-certification\\\/#primaryimage\"},\"thumbnailUrl\":\"https:\\\/\\\/projectumcert.com\\\/wp-content\\\/uploads\\\/2025\\\/01\\\/IMCS.webp\",\"datePublished\":\"2025-01-11T04:55:42+00:00\",\"dateModified\":\"2026-05-05T23:34:55+00:00\",\"description\":\"Earn your Innovation Management Certification with a free online exam and earn a Professional Certificate and digital badge. Advance your career with PCERT.\",\"breadcrumb\":{\"@id\":\"https:\\\/\\\/projectumcert.com\\\/product\\\/innovation-management-certification\\\/#breadcrumb\"},\"inLanguage\":\"fr-FR\",\"potentialAction\":[{\"@type\":\"ReadAction\",\"target\":[\"https:\\\/\\\/projectumcert.com\\\/product\\\/innovation-management-certification\\\/\"]}]},{\"@type\":\"ImageObject\",\"inLanguage\":\"fr-FR\",\"@id\":\"https:\\\/\\\/projectumcert.com\\\/product\\\/innovation-management-certification\\\/#primaryimage\",\"url\":\"https:\\\/\\\/projectumcert.com\\\/wp-content\\\/uploads\\\/2025\\\/01\\\/IMCS.webp\",\"contentUrl\":\"https:\\\/\\\/projectumcert.com\\\/wp-content\\\/uploads\\\/2025\\\/01\\\/IMCS.webp\",\"width\":1667,\"height\":1667,\"caption\":\"Innovation Certification\"},{\"@type\":\"BreadcrumbList\",\"@id\":\"https:\\\/\\\/projectumcert.com\\\/product\\\/innovation-management-certification\\\/#breadcrumb\",\"itemListElement\":[{\"@type\":\"ListItem\",\"position\":1,\"name\":\"Home\",\"item\":\"https:\\\/\\\/projectumcert.com\\\/\"},{\"@type\":\"ListItem\",\"position\":2,\"name\":\"Shop\",\"item\":\"https:\\\/\\\/projectumcert.com\\\/shop\\\/\"},{\"@type\":\"ListItem\",\"position\":3,\"name\":\"Innovation Management Certified Specialist\"}]},{\"@type\":\"WebSite\",\"@id\":\"https:\\\/\\\/projectumcert.com\\\/#website\",\"url\":\"https:\\\/\\\/projectumcert.com\\\/\",\"name\":\"Projectum Cert\",\"description\":\"Projectum Cert\",\"publisher\":{\"@id\":\"https:\\\/\\\/projectumcert.com\\\/#organization\"},\"potentialAction\":[{\"@type\":\"SearchAction\",\"target\":{\"@type\":\"EntryPoint\",\"urlTemplate\":\"https:\\\/\\\/projectumcert.com\\\/?s={search_term_string}\"},\"query-input\":{\"@type\":\"PropertyValueSpecification\",\"valueRequired\":true,\"valueName\":\"search_term_string\"}}],\"inLanguage\":\"fr-FR\"},{\"@type\":\"Organization\",\"@id\":\"https:\\\/\\\/projectumcert.com\\\/#organization\",\"name\":\"Projectum Cert\",\"url\":\"https:\\\/\\\/projectumcert.com\\\/\",\"logo\":{\"@type\":\"ImageObject\",\"inLanguage\":\"fr-FR\",\"@id\":\"https:\\\/\\\/projectumcert.com\\\/#\\\/schema\\\/logo\\\/image\\\/\",\"url\":\"https:\\\/\\\/projectumcert.com\\\/wp-content\\\/uploads\\\/2024\\\/12\\\/PC_V-original.webp\",\"contentUrl\":\"https:\\\/\\\/projectumcert.com\\\/wp-content\\\/uploads\\\/2024\\\/12\\\/PC_V-original.webp\",\"width\":500,\"height\":500,\"caption\":\"Projectum Cert\"},\"image\":{\"@id\":\"https:\\\/\\\/projectumcert.com\\\/#\\\/schema\\\/logo\\\/image\\\/\"},\"sameAs\":[\"https:\\\/\\\/www.facebook.com\\\/Projectumcert\"]}]}<\/script>\n<!-- \/ Yoast SEO Premium plugin. -->","yoast_head_json":{"title":"Certification en gestion de l\u2019innovation | Certificat professionnel","description":"Obtenez votre certification en gestion de l\u2019innovation avec un examen en ligne gratuit et recevez un certificat professionnel ainsi qu\u2019un badge num\u00e9rique. Faites progresser votre carri\u00e8re avec PCERT.","robots":{"index":"index","follow":"follow","max-snippet":"max-snippet:-1","max-image-preview":"max-image-preview:large","max-video-preview":"max-video-preview:-1"},"canonical":"https:\/\/projectumcert.com\/fr\/produit\/certification-gestion-de-linnovation\/","og_locale":"fr_FR","og_type":"article","og_title":"Innovation Management Certified Specialist","og_description":"Earn your Innovation Management Certification with a free online exam and earn a Professional Certificate and digital badge. Advance your career with PCERT.","og_url":"https:\/\/projectumcert.com\/fr\/produit\/certification-gestion-de-linnovation\/","og_site_name":"Projectum Cert","article_publisher":"https:\/\/www.facebook.com\/Projectumcert","article_modified_time":"2026-05-05T23:34:55+00:00","og_image":[{"width":1667,"height":1667,"url":"https:\/\/projectumcert.com\/wp-content\/uploads\/2025\/01\/IMCS.webp","type":"image\/webp"}],"twitter_card":"summary_large_image","twitter_misc":{"Dur\u00e9e de lecture estim\u00e9e":"1 minute"},"schema":{"@context":"https:\/\/schema.org","@graph":[{"@type":"WebPage","@id":"https:\/\/projectumcert.com\/product\/innovation-management-certification\/","url":"https:\/\/projectumcert.com\/product\/innovation-management-certification\/","name":"Certification en gestion de l\u2019innovation | Certificat professionnel","isPartOf":{"@id":"https:\/\/projectumcert.com\/#website"},"primaryImageOfPage":{"@id":"https:\/\/projectumcert.com\/product\/innovation-management-certification\/#primaryimage"},"image":{"@id":"https:\/\/projectumcert.com\/product\/innovation-management-certification\/#primaryimage"},"thumbnailUrl":"https:\/\/projectumcert.com\/wp-content\/uploads\/2025\/01\/IMCS.webp","datePublished":"2025-01-11T04:55:42+00:00","dateModified":"2026-05-05T23:34:55+00:00","description":"Obtenez votre certification en gestion de l\u2019innovation avec un examen en ligne gratuit et recevez un certificat professionnel ainsi qu\u2019un badge num\u00e9rique. Faites progresser votre carri\u00e8re avec PCERT.","breadcrumb":{"@id":"https:\/\/projectumcert.com\/product\/innovation-management-certification\/#breadcrumb"},"inLanguage":"fr-FR","potentialAction":[{"@type":"ReadAction","target":["https:\/\/projectumcert.com\/product\/innovation-management-certification\/"]}]},{"@type":"ImageObject","inLanguage":"fr-FR","@id":"https:\/\/projectumcert.com\/product\/innovation-management-certification\/#primaryimage","url":"https:\/\/projectumcert.com\/wp-content\/uploads\/2025\/01\/IMCS.webp","contentUrl":"https:\/\/projectumcert.com\/wp-content\/uploads\/2025\/01\/IMCS.webp","width":1667,"height":1667,"caption":"Innovation Certification"},{"@type":"BreadcrumbList","@id":"https:\/\/projectumcert.com\/product\/innovation-management-certification\/#breadcrumb","itemListElement":[{"@type":"ListItem","position":1,"name":"Home","item":"https:\/\/projectumcert.com\/"},{"@type":"ListItem","position":2,"name":"Shop","item":"https:\/\/projectumcert.com\/shop\/"},{"@type":"ListItem","position":3,"name":"Innovation Management Certified Specialist"}]},{"@type":"WebSite","@id":"https:\/\/projectumcert.com\/#website","url":"https:\/\/projectumcert.com\/","name":"Projectum Cert","description":"Projectum Cert","publisher":{"@id":"https:\/\/projectumcert.com\/#organization"},"potentialAction":[{"@type":"SearchAction","target":{"@type":"EntryPoint","urlTemplate":"https:\/\/projectumcert.com\/?s={search_term_string}"},"query-input":{"@type":"PropertyValueSpecification","valueRequired":true,"valueName":"search_term_string"}}],"inLanguage":"fr-FR"},{"@type":"Organization","@id":"https:\/\/projectumcert.com\/#organization","name":"Projectum Cert","url":"https:\/\/projectumcert.com\/","logo":{"@type":"ImageObject","inLanguage":"fr-FR","@id":"https:\/\/projectumcert.com\/#\/schema\/logo\/image\/","url":"https:\/\/projectumcert.com\/wp-content\/uploads\/2024\/12\/PC_V-original.webp","contentUrl":"https:\/\/projectumcert.com\/wp-content\/uploads\/2024\/12\/PC_V-original.webp","width":500,"height":500,"caption":"Projectum Cert"},"image":{"@id":"https:\/\/projectumcert.com\/#\/schema\/logo\/image\/"},"sameAs":["https:\/\/www.facebook.com\/Projectumcert"]}]}},"_links":{"self":[{"href":"https:\/\/projectumcert.com\/fr\/wp-json\/wp\/v2\/product\/526","targetHints":{"allow":["GET"]}}],"collection":[{"href":"https:\/\/projectumcert.com\/fr\/wp-json\/wp\/v2\/product"}],"about":[{"href":"https:\/\/projectumcert.com\/fr\/wp-json\/wp\/v2\/types\/product"}],"replies":[{"embeddable":true,"href":"https:\/\/projectumcert.com\/fr\/wp-json\/wp\/v2\/comments?post=526"}],"wp:featuredmedia":[{"embeddable":true,"href":"https:\/\/projectumcert.com\/fr\/wp-json\/wp\/v2\/media\/3669"}],"wp:attachment":[{"href":"https:\/\/projectumcert.com\/fr\/wp-json\/wp\/v2\/media?parent=526"}],"wp:term":[{"taxonomy":"product_brand","embeddable":true,"href":"https:\/\/projectumcert.com\/fr\/wp-json\/wp\/v2\/product_brand?post=526"},{"taxonomy":"product_cat","embeddable":true,"href":"https:\/\/projectumcert.com\/fr\/wp-json\/wp\/v2\/product_cat?post=526"},{"taxonomy":"product_tag","embeddable":true,"href":"https:\/\/projectumcert.com\/fr\/wp-json\/wp\/v2\/product_tag?post=526"}],"curies":[{"name":"wp","href":"https:\/\/api.w.org\/{rel}","templated":true}]}}