{"id":523,"date":"2025-01-12T02:34:38","date_gmt":"2025-01-12T02:34:38","guid":{"rendered":"https:\/\/projectumcert.mamzitsolutions.com\/?post_type=product&#038;p=523"},"modified":"2026-05-04T17:55:13","modified_gmt":"2026-05-04T22:55:13","slug":"certification-coach-agile","status":"publish","type":"product","link":"https:\/\/projectumcert.com\/fr\/product\/agile-coach-certification\/","title":{"rendered":"Agile Coach Certified Specialist"},"content":{"rendered":"<h3><span style=\"color: #1c3661;\">D\u00e9tails de l'Examen de Certification Agile Coach<\/span><\/h3>\n<p><span style=\"color: #1c3661;\"><strong style=\"font-size: 16px;\">Nom de la certification:<\/strong><span style=\"font-size: 16px;\"> Agile Coach Certified Sp<\/span><\/span><span style=\"color: #1c3661; font-size: 16px;\">ecialist &#8211; ACCS<\/span><br \/>\n<span style=\"color: #1c3661;\"><strong>Format:<\/strong> Questions \u00e0 choix multiples (QCM)<\/span><br class=\"yoast-text-mark\" \/><span style=\"color: #1c3661;\"><strong>Modalit\u00e9s:<\/strong> Bas\u00e9e sur le Web (navigateur), \u00e0 livre ferm\u00e9, sans aide ext\u00e9rieure, chronom\u00e9tr\u00e9.<\/span><br class=\"yoast-text-mark\" \/><span style=\"color: #1c3661;\"><strong>Dur\u00e9e:<\/strong> Une fois l'examen commence, les candidats ont 60 minutes pour le compl\u00e9ter.<\/span><br \/>\n<span style=\"color: #1c3661;\"><strong>Nombre de Questions:<\/strong> 40.<\/span><br \/>\n<span style=\"color: #1c3661;\"><strong>Note De Passage:<\/strong> 75%.<\/span><br \/>\n<span style=\"color: #1c3661;\"><strong>Langues Disponibles:<\/strong> Anglais, espagnol, fran\u00e7ais, portugais et\u00a0<\/span><span style=\"color: #003366;\">\u0627\u0644\u0639\u0631\u0628\u064a\u0629.<\/span><br \/>\n<span style=\"color: #1c3661;\"><strong>Conditions pr\u00e9alables:<\/strong> Aucune<\/span><br \/>\n<span style=\"color: #1c3661;\"><strong>Surveill\u00e9 examen:<\/strong> En ligne proctoring<\/span><br \/>\n<span style=\"color: #1c3661;\"><strong>Expiration de la certification:<\/strong> 2 ans<\/span><\/p>","protected":false},"excerpt":{"rendered":"<p><span style=\"color: #1c3661;\">Devenir un catalyseur pour le changement transformateur avec nos Agile Coach Certifi\u00e9, Sp\u00e9cialiste de la certification. Con\u00e7u pour l'avant-gardistes des professionnels, ces informations d'identification valide votre expertise dans la direction d'\u00e9quipes et les organisations \u00e0 adopter et ma\u00eetre des pratiques Agiles. Il confirme votre profonde connaissance de l'Agile principes et m\u00e9thodes, vous permettant de piloter l'am\u00e9lioration continue et de lancer significative des changements culturels.<\/span><\/p>\n<p><span style=\"color: #1c3661;\">Avec cette certification, votre r\u00f4le transcende les de facilitation\u2014vous \u00eates reconnu comme une force qui favorise la collaboration, l'autonomisation des individus, et cr\u00e9e des environnements o\u00f9 l'innovation se d\u00e9veloppe. Embrasser votre chemin comme un Coach Agile et guide de votre organisation vers un succ\u00e8s durable.<\/span><\/p>","protected":false},"featured_media":3664,"comment_status":"closed","ping_status":"closed","template":"","meta":{"_acf_changed":false},"product_brand":[],"product_cat":[21],"product_tag":[],"class_list":{"0":"post-523","1":"product","2":"type-product","3":"status-publish","4":"has-post-thumbnail","6":"product_cat-agile","8":"first","9":"instock","10":"shipping-taxable","11":"product-type-simple"},"acf":[],"yoast_head":"<!-- This site is optimized with the Yoast SEO Premium plugin v27.5 (Yoast SEO v27.5) - https:\/\/yoast.com\/product\/yoast-seo-premium-wordpress\/ -->\n<title>Agile Coach Certification | Professional Certificate + Digital Badge<\/title>\n<meta name=\"description\" content=\"Get your Agile Coach Certification with a free online exam and earn a Professional Certificate and digital badge. Advance your career with PCERT.\" \/>\n<meta name=\"robots\" content=\"index, follow, max-snippet:-1, max-image-preview:large, max-video-preview:-1\" \/>\n<link rel=\"canonical\" href=\"https:\/\/projectumcert.com\/fr\/produit\/certification-coach-agile\/\" \/>\n<meta property=\"og:locale\" content=\"fr_FR\" \/>\n<meta property=\"og:type\" content=\"article\" \/>\n<meta property=\"og:title\" content=\"Agile Coach Certified Specialist\" \/>\n<meta property=\"og:description\" content=\"Get your Agile Coach Certification with a free online exam and earn a Professional Certificate and digital badge. Advance your career with PCERT.\" \/>\n<meta property=\"og:url\" content=\"https:\/\/projectumcert.com\/fr\/produit\/certification-coach-agile\/\" \/>\n<meta property=\"og:site_name\" content=\"Projectum Cert\" \/>\n<meta property=\"article:publisher\" content=\"https:\/\/www.facebook.com\/Projectumcert\" \/>\n<meta property=\"article:modified_time\" content=\"2026-05-04T22:55:13+00:00\" \/>\n<meta property=\"og:image\" content=\"https:\/\/projectumcert.com\/wp-content\/uploads\/2025\/01\/ACCS.webp\" \/>\n\t<meta property=\"og:image:width\" content=\"1667\" \/>\n\t<meta property=\"og:image:height\" content=\"1667\" \/>\n\t<meta property=\"og:image:type\" content=\"image\/webp\" \/>\n<meta name=\"twitter:card\" content=\"summary_large_image\" \/>\n<meta name=\"twitter:label1\" content=\"Dur\u00e9e de lecture estim\u00e9e\" \/>\n\t<meta name=\"twitter:data1\" content=\"1 minute\" \/>\n<script type=\"application\/ld+json\" class=\"yoast-schema-graph\">{\"@context\":\"https:\\\/\\\/schema.org\",\"@graph\":[{\"@type\":\"WebPage\",\"@id\":\"https:\\\/\\\/projectumcert.com\\\/product\\\/agile-coach-certification\\\/\",\"url\":\"https:\\\/\\\/projectumcert.com\\\/product\\\/agile-coach-certification\\\/\",\"name\":\"Agile Coach Certification | Professional Certificate + Digital Badge\",\"isPartOf\":{\"@id\":\"https:\\\/\\\/projectumcert.com\\\/#website\"},\"primaryImageOfPage\":{\"@id\":\"https:\\\/\\\/projectumcert.com\\\/product\\\/agile-coach-certification\\\/#primaryimage\"},\"image\":{\"@id\":\"https:\\\/\\\/projectumcert.com\\\/product\\\/agile-coach-certification\\\/#primaryimage\"},\"thumbnailUrl\":\"https:\\\/\\\/projectumcert.com\\\/wp-content\\\/uploads\\\/2025\\\/01\\\/ACCS.webp\",\"datePublished\":\"2025-01-12T02:34:38+00:00\",\"dateModified\":\"2026-05-04T22:55:13+00:00\",\"description\":\"Get your Agile Coach Certification with a free online exam and earn a Professional Certificate and digital badge. Advance your career with PCERT.\",\"breadcrumb\":{\"@id\":\"https:\\\/\\\/projectumcert.com\\\/product\\\/agile-coach-certification\\\/#breadcrumb\"},\"inLanguage\":\"fr-FR\",\"potentialAction\":[{\"@type\":\"ReadAction\",\"target\":[\"https:\\\/\\\/projectumcert.com\\\/product\\\/agile-coach-certification\\\/\"]}]},{\"@type\":\"ImageObject\",\"inLanguage\":\"fr-FR\",\"@id\":\"https:\\\/\\\/projectumcert.com\\\/product\\\/agile-coach-certification\\\/#primaryimage\",\"url\":\"https:\\\/\\\/projectumcert.com\\\/wp-content\\\/uploads\\\/2025\\\/01\\\/ACCS.webp\",\"contentUrl\":\"https:\\\/\\\/projectumcert.com\\\/wp-content\\\/uploads\\\/2025\\\/01\\\/ACCS.webp\",\"width\":1667,\"height\":1667,\"caption\":\"Agile Coach Certification\"},{\"@type\":\"BreadcrumbList\",\"@id\":\"https:\\\/\\\/projectumcert.com\\\/product\\\/agile-coach-certification\\\/#breadcrumb\",\"itemListElement\":[{\"@type\":\"ListItem\",\"position\":1,\"name\":\"Home\",\"item\":\"https:\\\/\\\/projectumcert.com\\\/\"},{\"@type\":\"ListItem\",\"position\":2,\"name\":\"Shop\",\"item\":\"https:\\\/\\\/projectumcert.com\\\/shop\\\/\"},{\"@type\":\"ListItem\",\"position\":3,\"name\":\"Agile Coach Certified Specialist\"}]},{\"@type\":\"WebSite\",\"@id\":\"https:\\\/\\\/projectumcert.com\\\/#website\",\"url\":\"https:\\\/\\\/projectumcert.com\\\/\",\"name\":\"Projectum Cert\",\"description\":\"Projectum Cert\",\"publisher\":{\"@id\":\"https:\\\/\\\/projectumcert.com\\\/#organization\"},\"potentialAction\":[{\"@type\":\"SearchAction\",\"target\":{\"@type\":\"EntryPoint\",\"urlTemplate\":\"https:\\\/\\\/projectumcert.com\\\/?s={search_term_string}\"},\"query-input\":{\"@type\":\"PropertyValueSpecification\",\"valueRequired\":true,\"valueName\":\"search_term_string\"}}],\"inLanguage\":\"fr-FR\"},{\"@type\":\"Organization\",\"@id\":\"https:\\\/\\\/projectumcert.com\\\/#organization\",\"name\":\"Projectum Cert\",\"url\":\"https:\\\/\\\/projectumcert.com\\\/\",\"logo\":{\"@type\":\"ImageObject\",\"inLanguage\":\"fr-FR\",\"@id\":\"https:\\\/\\\/projectumcert.com\\\/#\\\/schema\\\/logo\\\/image\\\/\",\"url\":\"https:\\\/\\\/projectumcert.com\\\/wp-content\\\/uploads\\\/2024\\\/12\\\/PC_V-original.webp\",\"contentUrl\":\"https:\\\/\\\/projectumcert.com\\\/wp-content\\\/uploads\\\/2024\\\/12\\\/PC_V-original.webp\",\"width\":500,\"height\":500,\"caption\":\"Projectum Cert\"},\"image\":{\"@id\":\"https:\\\/\\\/projectumcert.com\\\/#\\\/schema\\\/logo\\\/image\\\/\"},\"sameAs\":[\"https:\\\/\\\/www.facebook.com\\\/Projectumcert\"]}]}<\/script>\n<!-- \/ Yoast SEO Premium plugin. -->","yoast_head_json":{"title":"Certification Agile Coach | Certificat Professionnel + Badge Num\u00e9rique","description":"Obtenez votre certification Agile Coach avec un examen en ligne gratuit et d\u00e9crochez un Certificat Professionnel et un badge num\u00e9rique. Propulsez votre carri\u00e8re avec PCERT","robots":{"index":"index","follow":"follow","max-snippet":"max-snippet:-1","max-image-preview":"max-image-preview:large","max-video-preview":"max-video-preview:-1"},"canonical":"https:\/\/projectumcert.com\/fr\/produit\/certification-coach-agile\/","og_locale":"fr_FR","og_type":"article","og_title":"Agile Coach Certified Specialist","og_description":"Get your Agile Coach Certification with a free online exam and earn a Professional Certificate and digital badge. Advance your career with PCERT.","og_url":"https:\/\/projectumcert.com\/fr\/produit\/certification-coach-agile\/","og_site_name":"Projectum Cert","article_publisher":"https:\/\/www.facebook.com\/Projectumcert","article_modified_time":"2026-05-04T22:55:13+00:00","og_image":[{"width":1667,"height":1667,"url":"https:\/\/projectumcert.com\/wp-content\/uploads\/2025\/01\/ACCS.webp","type":"image\/webp"}],"twitter_card":"summary_large_image","twitter_misc":{"Dur\u00e9e de lecture estim\u00e9e":"1 minute"},"schema":{"@context":"https:\/\/schema.org","@graph":[{"@type":"WebPage","@id":"https:\/\/projectumcert.com\/product\/agile-coach-certification\/","url":"https:\/\/projectumcert.com\/product\/agile-coach-certification\/","name":"Certification Agile Coach | Certificat Professionnel + Badge Num\u00e9rique","isPartOf":{"@id":"https:\/\/projectumcert.com\/#website"},"primaryImageOfPage":{"@id":"https:\/\/projectumcert.com\/product\/agile-coach-certification\/#primaryimage"},"image":{"@id":"https:\/\/projectumcert.com\/product\/agile-coach-certification\/#primaryimage"},"thumbnailUrl":"https:\/\/projectumcert.com\/wp-content\/uploads\/2025\/01\/ACCS.webp","datePublished":"2025-01-12T02:34:38+00:00","dateModified":"2026-05-04T22:55:13+00:00","description":"Obtenez votre certification Agile Coach avec un examen en ligne gratuit et d\u00e9crochez un Certificat Professionnel et un badge num\u00e9rique. Propulsez votre carri\u00e8re avec PCERT","breadcrumb":{"@id":"https:\/\/projectumcert.com\/product\/agile-coach-certification\/#breadcrumb"},"inLanguage":"fr-FR","potentialAction":[{"@type":"ReadAction","target":["https:\/\/projectumcert.com\/product\/agile-coach-certification\/"]}]},{"@type":"ImageObject","inLanguage":"fr-FR","@id":"https:\/\/projectumcert.com\/product\/agile-coach-certification\/#primaryimage","url":"https:\/\/projectumcert.com\/wp-content\/uploads\/2025\/01\/ACCS.webp","contentUrl":"https:\/\/projectumcert.com\/wp-content\/uploads\/2025\/01\/ACCS.webp","width":1667,"height":1667,"caption":"Agile Coach Certification"},{"@type":"BreadcrumbList","@id":"https:\/\/projectumcert.com\/product\/agile-coach-certification\/#breadcrumb","itemListElement":[{"@type":"ListItem","position":1,"name":"Home","item":"https:\/\/projectumcert.com\/"},{"@type":"ListItem","position":2,"name":"Shop","item":"https:\/\/projectumcert.com\/shop\/"},{"@type":"ListItem","position":3,"name":"Agile Coach Certified Specialist"}]},{"@type":"WebSite","@id":"https:\/\/projectumcert.com\/#website","url":"https:\/\/projectumcert.com\/","name":"Projectum Cert","description":"Projectum Cert","publisher":{"@id":"https:\/\/projectumcert.com\/#organization"},"potentialAction":[{"@type":"SearchAction","target":{"@type":"EntryPoint","urlTemplate":"https:\/\/projectumcert.com\/?s={search_term_string}"},"query-input":{"@type":"PropertyValueSpecification","valueRequired":true,"valueName":"search_term_string"}}],"inLanguage":"fr-FR"},{"@type":"Organization","@id":"https:\/\/projectumcert.com\/#organization","name":"Projectum Cert","url":"https:\/\/projectumcert.com\/","logo":{"@type":"ImageObject","inLanguage":"fr-FR","@id":"https:\/\/projectumcert.com\/#\/schema\/logo\/image\/","url":"https:\/\/projectumcert.com\/wp-content\/uploads\/2024\/12\/PC_V-original.webp","contentUrl":"https:\/\/projectumcert.com\/wp-content\/uploads\/2024\/12\/PC_V-original.webp","width":500,"height":500,"caption":"Projectum Cert"},"image":{"@id":"https:\/\/projectumcert.com\/#\/schema\/logo\/image\/"},"sameAs":["https:\/\/www.facebook.com\/Projectumcert"]}]}},"_links":{"self":[{"href":"https:\/\/projectumcert.com\/fr\/wp-json\/wp\/v2\/product\/523","targetHints":{"allow":["GET"]}}],"collection":[{"href":"https:\/\/projectumcert.com\/fr\/wp-json\/wp\/v2\/product"}],"about":[{"href":"https:\/\/projectumcert.com\/fr\/wp-json\/wp\/v2\/types\/product"}],"replies":[{"embeddable":true,"href":"https:\/\/projectumcert.com\/fr\/wp-json\/wp\/v2\/comments?post=523"}],"wp:featuredmedia":[{"embeddable":true,"href":"https:\/\/projectumcert.com\/fr\/wp-json\/wp\/v2\/media\/3664"}],"wp:attachment":[{"href":"https:\/\/projectumcert.com\/fr\/wp-json\/wp\/v2\/media?parent=523"}],"wp:term":[{"taxonomy":"product_brand","embeddable":true,"href":"https:\/\/projectumcert.com\/fr\/wp-json\/wp\/v2\/product_brand?post=523"},{"taxonomy":"product_cat","embeddable":true,"href":"https:\/\/projectumcert.com\/fr\/wp-json\/wp\/v2\/product_cat?post=523"},{"taxonomy":"product_tag","embeddable":true,"href":"https:\/\/projectumcert.com\/fr\/wp-json\/wp\/v2\/product_tag?post=523"}],"curies":[{"name":"wp","href":"https:\/\/api.w.org\/{rel}","templated":true}]}}