{"id":2610,"date":"2025-05-19T19:38:11","date_gmt":"2025-05-20T00:38:11","guid":{"rendered":"https:\/\/projectumcert.com\/?post_type=product&#038;p=2610"},"modified":"2026-04-28T20:31:49","modified_gmt":"2026-04-29T01:31:49","slug":"certification-des-mega-projets","status":"publish","type":"product","link":"https:\/\/projectumcert.com\/fr\/product\/mega-projects-certification\/","title":{"rendered":"MegaProject Management eXpert"},"content":{"rendered":"<h3 data-start=\"242\" data-end=\"302\"><span style=\"color: #1c3661\">D\u00e9tails de l'Examen de Certification Mega Projects<\/span><\/h3>\n<p><span style=\"color: #1c3661\"><strong data-start=\"304\" data-end=\"327\">Nom de la certification:<\/strong> Mega Project Management eXpert (MEGA-PMX)<\/span><br data-start=\"369\" data-end=\"372\" \/><span style=\"color: #1c3661\"><strong data-start=\"416\" data-end=\"427\">Format:<\/strong> Questions \u00e0 choix multiples (QCM)<\/span><br data-start=\"453\" data-end=\"456\" \/><span style=\"color: #1c3661\"><strong data-start=\"456\" data-end=\"469\">Modalit\u00e9s:<\/strong> Bas\u00e9e sur le Web (navigateur), \u00e0 livre ferm\u00e9, sans aide ext\u00e9rieure, chronom\u00e9tr\u00e9.<\/span><br data-start=\"545\" data-end=\"548\" \/><span style=\"color: #1c3661\"><strong data-start=\"548\" data-end=\"561\">Dur\u00e9e:<\/strong> Une fois l'examen commence, les candidats ont 60 minutes pour le compl\u00e9ter.<\/span><br data-start=\"572\" data-end=\"575\" \/><span style=\"color: #1c3661\"><strong data-start=\"575\" data-end=\"599\">Nombre de Questions:<\/strong> 20<\/span><br data-start=\"602\" data-end=\"605\" \/><span style=\"color: #1c3661\"><strong data-start=\"605\" data-end=\"623\">Note De Passage:<\/strong> 75%<\/span><br data-start=\"627\" data-end=\"630\" \/><span style=\"color: #1c3661\"><strong data-start=\"630\" data-end=\"654\">Langues Disponibles:<\/strong> English, Spanish, French, and Portuguese and\u00a0<\/span><span style=\"color: #003366\">\u0627\u0644\u0639\u0631\u0628\u064a\u0629.<\/span><\/p>\n<ul style=\"list-style-type: none;color: #1c3661;padding-left: 0\">\n<li><strong data-start=\"699\" data-end=\"717\">Rerequisites:<\/strong><\/li>\n<\/ul>\n<ul data-start=\"720\" data-end=\"953\">\n<li data-section-id=\"1wqttw2\" data-start=\"720\" data-end=\"783\"><span style=\"color: #1c3661\">7 \u00e0 10 ans d'exp\u00e9rience dans des projets complexes ou de grande envergure.<\/span><\/li>\n<li data-section-id=\"10mtz9q\" data-start=\"784\" data-end=\"815\"><span style=\"color: #1c3661\">Dipl\u00f4me de licence (Bachelor) ou sup\u00e9rieur.<\/span><\/li>\n<li data-section-id=\"mk6xb1\" data-start=\"816\" data-end=\"875\"><span style=\"color: #1c3661\">Au moins 80 heures de formation formelle en gestion de projet.<\/span><\/li>\n<li data-section-id=\"1ki3w0g\" data-start=\"876\" data-end=\"953\"><span style=\"color: #1c3661\">Profil LinkedIn public avec une exp\u00e9rience pertinente en gestion de projet et des recommandations.<\/span><\/li>\n<\/ul>\n<p data-start=\"955\" data-end=\"1032\"><span style=\"color: #1c3661\"><strong data-start=\"955\" data-end=\"970\">Surveill\u00e9 examen:<\/strong> En ligne proctoring<\/span><br data-start=\"992\" data-end=\"995\" \/><span style=\"color: #1c3661\"><strong data-start=\"995\" data-end=\"1022\">Expiration de la certification:<\/strong> 2 ans<\/span><\/p>\n<p>&nbsp;<\/p>","protected":false},"excerpt":{"rendered":"<p><span style=\"color: #1c3661\">Les m\u00e9gaprojets sont \u00e0 grande \u00e9chelle, de haute-impact des initiatives\u2014en g\u00e9n\u00e9ral d\u00e9passant le milliard de dollars US impliquant de multiples parties prenantes, d'une incertitude importante, prolonger les d\u00e9lais de traitement, et \u00e0 long terme de la valeur strat\u00e9gique.\u00a0<\/span><span style=\"color: #1c3661\">Les meilleures pratiques dans le m\u00e9gaprojet de gestion de souligner l'importance de tous les principaux participants de comprendre les diff\u00e9rences fondamentales entre les projets et les m\u00e9gaprojets. En reconnaissant la fragilit\u00e9 inh\u00e9rente des m\u00e9gaprojets est crucial pour l'efficacit\u00e9 de la gestion.\u00a0<\/span><span style=\"color: #1c3661\">Ces tr\u00e8s complexe initiatives de la demande exceptionnelle de leadership, de coordination complexe et avanc\u00e9 de gestion des risques\u2014bien au-del\u00e0 de la port\u00e9e de la norme des environnements de projet.\u00a0<\/span><span style=\"color: #1c3661\">Le M\u00c9GA-PMX de certification est con\u00e7u pour des professionnels aguerris qui ont conduit avec succ\u00e8s ou qui ont contribu\u00e9 \u00e0 complexe aux enjeux importants projets.\u00a0<\/span><span style=\"color: #1c3661\">Contrairement \u00e0 la gestion g\u00e9n\u00e9rale du projet les informations d'identification, les M\u00c9GA-PMX valide l'exp\u00e9rience du monde r\u00e9el dans la gestion de l'ampleur, de la complexit\u00e9 et de risque unique pour les m\u00e9gaprojets.<\/span><\/p>","protected":false},"featured_media":3653,"comment_status":"closed","ping_status":"closed","template":"","meta":{"_acf_changed":false},"product_brand":[],"product_cat":[22],"product_tag":[],"class_list":{"0":"post-2610","1":"product","2":"type-product","3":"status-publish","4":"has-post-thumbnail","6":"product_cat-project-management","8":"first","9":"instock","10":"shipping-taxable","11":"product-type-simple"},"acf":[],"yoast_head":"<!-- This site is optimized with the Yoast SEO Premium plugin v27.5 (Yoast SEO v27.5) - https:\/\/yoast.com\/product\/yoast-seo-premium-wordpress\/ -->\n<title>Mega Projects Certification | Free Exam + Professional Certificate<\/title>\n<meta name=\"description\" content=\"Get your Mega Projects Certification with a free online exam and earn a Professional Certificate and digital badge. Advance your career with PCERT.\" \/>\n<meta name=\"robots\" content=\"index, follow, max-snippet:-1, max-image-preview:large, max-video-preview:-1\" \/>\n<link rel=\"canonical\" href=\"https:\/\/projectumcert.com\/fr\/produit\/certification-des-mega-projets\/\" \/>\n<meta property=\"og:locale\" content=\"fr_FR\" \/>\n<meta property=\"og:type\" content=\"article\" \/>\n<meta property=\"og:title\" content=\"MegaProject Management eXpert\" \/>\n<meta property=\"og:description\" content=\"Get your Mega Projects Certification with a free online exam and earn a Professional Certificate and digital badge. Advance your career with PCERT.\" \/>\n<meta property=\"og:url\" content=\"https:\/\/projectumcert.com\/fr\/produit\/certification-des-mega-projets\/\" \/>\n<meta property=\"og:site_name\" content=\"Projectum Cert\" \/>\n<meta property=\"article:publisher\" content=\"https:\/\/www.facebook.com\/Projectumcert\" \/>\n<meta property=\"article:modified_time\" content=\"2026-04-29T01:31:49+00:00\" \/>\n<meta property=\"og:image\" content=\"https:\/\/projectumcert.com\/wp-content\/uploads\/2025\/05\/MEGA-PMX.webp\" \/>\n\t<meta property=\"og:image:width\" content=\"1667\" \/>\n\t<meta property=\"og:image:height\" content=\"1667\" \/>\n\t<meta property=\"og:image:type\" content=\"image\/webp\" \/>\n<meta name=\"twitter:card\" content=\"summary_large_image\" \/>\n<meta name=\"twitter:label1\" content=\"Dur\u00e9e de lecture estim\u00e9e\" \/>\n\t<meta name=\"twitter:data1\" content=\"1 minute\" \/>\n<script type=\"application\/ld+json\" class=\"yoast-schema-graph\">{\"@context\":\"https:\\\/\\\/schema.org\",\"@graph\":[{\"@type\":\"WebPage\",\"@id\":\"https:\\\/\\\/projectumcert.com\\\/product\\\/mega-projects-certification\\\/\",\"url\":\"https:\\\/\\\/projectumcert.com\\\/product\\\/mega-projects-certification\\\/\",\"name\":\"Mega Projects Certification | Free Exam + Professional Certificate\",\"isPartOf\":{\"@id\":\"https:\\\/\\\/projectumcert.com\\\/#website\"},\"primaryImageOfPage\":{\"@id\":\"https:\\\/\\\/projectumcert.com\\\/product\\\/mega-projects-certification\\\/#primaryimage\"},\"image\":{\"@id\":\"https:\\\/\\\/projectumcert.com\\\/product\\\/mega-projects-certification\\\/#primaryimage\"},\"thumbnailUrl\":\"https:\\\/\\\/projectumcert.com\\\/wp-content\\\/uploads\\\/2025\\\/05\\\/MEGA-PMX.webp\",\"datePublished\":\"2025-05-20T00:38:11+00:00\",\"dateModified\":\"2026-04-29T01:31:49+00:00\",\"description\":\"Get your Mega Projects Certification with a free online exam and earn a Professional Certificate and digital badge. Advance your career with PCERT.\",\"breadcrumb\":{\"@id\":\"https:\\\/\\\/projectumcert.com\\\/product\\\/mega-projects-certification\\\/#breadcrumb\"},\"inLanguage\":\"fr-FR\",\"potentialAction\":[{\"@type\":\"ReadAction\",\"target\":[\"https:\\\/\\\/projectumcert.com\\\/product\\\/mega-projects-certification\\\/\"]}]},{\"@type\":\"ImageObject\",\"inLanguage\":\"fr-FR\",\"@id\":\"https:\\\/\\\/projectumcert.com\\\/product\\\/mega-projects-certification\\\/#primaryimage\",\"url\":\"https:\\\/\\\/projectumcert.com\\\/wp-content\\\/uploads\\\/2025\\\/05\\\/MEGA-PMX.webp\",\"contentUrl\":\"https:\\\/\\\/projectumcert.com\\\/wp-content\\\/uploads\\\/2025\\\/05\\\/MEGA-PMX.webp\",\"width\":1667,\"height\":1667,\"caption\":\"Mega Projects Certification\"},{\"@type\":\"BreadcrumbList\",\"@id\":\"https:\\\/\\\/projectumcert.com\\\/product\\\/mega-projects-certification\\\/#breadcrumb\",\"itemListElement\":[{\"@type\":\"ListItem\",\"position\":1,\"name\":\"Home\",\"item\":\"https:\\\/\\\/projectumcert.com\\\/\"},{\"@type\":\"ListItem\",\"position\":2,\"name\":\"Shop\",\"item\":\"https:\\\/\\\/projectumcert.com\\\/shop\\\/\"},{\"@type\":\"ListItem\",\"position\":3,\"name\":\"MegaProject Management eXpert\"}]},{\"@type\":\"WebSite\",\"@id\":\"https:\\\/\\\/projectumcert.com\\\/#website\",\"url\":\"https:\\\/\\\/projectumcert.com\\\/\",\"name\":\"Projectum Cert\",\"description\":\"Projectum Cert\",\"publisher\":{\"@id\":\"https:\\\/\\\/projectumcert.com\\\/#organization\"},\"potentialAction\":[{\"@type\":\"SearchAction\",\"target\":{\"@type\":\"EntryPoint\",\"urlTemplate\":\"https:\\\/\\\/projectumcert.com\\\/?s={search_term_string}\"},\"query-input\":{\"@type\":\"PropertyValueSpecification\",\"valueRequired\":true,\"valueName\":\"search_term_string\"}}],\"inLanguage\":\"fr-FR\"},{\"@type\":\"Organization\",\"@id\":\"https:\\\/\\\/projectumcert.com\\\/#organization\",\"name\":\"Projectum Cert\",\"url\":\"https:\\\/\\\/projectumcert.com\\\/\",\"logo\":{\"@type\":\"ImageObject\",\"inLanguage\":\"fr-FR\",\"@id\":\"https:\\\/\\\/projectumcert.com\\\/#\\\/schema\\\/logo\\\/image\\\/\",\"url\":\"https:\\\/\\\/projectumcert.com\\\/wp-content\\\/uploads\\\/2024\\\/12\\\/PC_V-original.webp\",\"contentUrl\":\"https:\\\/\\\/projectumcert.com\\\/wp-content\\\/uploads\\\/2024\\\/12\\\/PC_V-original.webp\",\"width\":500,\"height\":500,\"caption\":\"Projectum Cert\"},\"image\":{\"@id\":\"https:\\\/\\\/projectumcert.com\\\/#\\\/schema\\\/logo\\\/image\\\/\"},\"sameAs\":[\"https:\\\/\\\/www.facebook.com\\\/Projectumcert\"]}]}<\/script>\n<!-- \/ Yoast SEO Premium plugin. -->","yoast_head_json":{"title":"Mega Projects Certification | Free Exam + Professional Certificate","description":"Get your Mega Projects Certification with a free online exam and earn a Professional Certificate and digital badge. Advance your career with PCERT.","robots":{"index":"index","follow":"follow","max-snippet":"max-snippet:-1","max-image-preview":"max-image-preview:large","max-video-preview":"max-video-preview:-1"},"canonical":"https:\/\/projectumcert.com\/fr\/produit\/certification-des-mega-projets\/","og_locale":"fr_FR","og_type":"article","og_title":"MegaProject Management eXpert","og_description":"Get your Mega Projects Certification with a free online exam and earn a Professional Certificate and digital badge. Advance your career with PCERT.","og_url":"https:\/\/projectumcert.com\/fr\/produit\/certification-des-mega-projets\/","og_site_name":"Projectum Cert","article_publisher":"https:\/\/www.facebook.com\/Projectumcert","article_modified_time":"2026-04-29T01:31:49+00:00","og_image":[{"width":1667,"height":1667,"url":"https:\/\/projectumcert.com\/wp-content\/uploads\/2025\/05\/MEGA-PMX.webp","type":"image\/webp"}],"twitter_card":"summary_large_image","twitter_misc":{"Dur\u00e9e de lecture estim\u00e9e":"1 minute"},"schema":{"@context":"https:\/\/schema.org","@graph":[{"@type":"WebPage","@id":"https:\/\/projectumcert.com\/product\/mega-projects-certification\/","url":"https:\/\/projectumcert.com\/product\/mega-projects-certification\/","name":"Mega Projects Certification | Free Exam + Professional Certificate","isPartOf":{"@id":"https:\/\/projectumcert.com\/#website"},"primaryImageOfPage":{"@id":"https:\/\/projectumcert.com\/product\/mega-projects-certification\/#primaryimage"},"image":{"@id":"https:\/\/projectumcert.com\/product\/mega-projects-certification\/#primaryimage"},"thumbnailUrl":"https:\/\/projectumcert.com\/wp-content\/uploads\/2025\/05\/MEGA-PMX.webp","datePublished":"2025-05-20T00:38:11+00:00","dateModified":"2026-04-29T01:31:49+00:00","description":"Get your Mega Projects Certification with a free online exam and earn a Professional Certificate and digital badge. Advance your career with PCERT.","breadcrumb":{"@id":"https:\/\/projectumcert.com\/product\/mega-projects-certification\/#breadcrumb"},"inLanguage":"fr-FR","potentialAction":[{"@type":"ReadAction","target":["https:\/\/projectumcert.com\/product\/mega-projects-certification\/"]}]},{"@type":"ImageObject","inLanguage":"fr-FR","@id":"https:\/\/projectumcert.com\/product\/mega-projects-certification\/#primaryimage","url":"https:\/\/projectumcert.com\/wp-content\/uploads\/2025\/05\/MEGA-PMX.webp","contentUrl":"https:\/\/projectumcert.com\/wp-content\/uploads\/2025\/05\/MEGA-PMX.webp","width":1667,"height":1667,"caption":"Mega Projects Certification"},{"@type":"BreadcrumbList","@id":"https:\/\/projectumcert.com\/product\/mega-projects-certification\/#breadcrumb","itemListElement":[{"@type":"ListItem","position":1,"name":"Home","item":"https:\/\/projectumcert.com\/"},{"@type":"ListItem","position":2,"name":"Shop","item":"https:\/\/projectumcert.com\/shop\/"},{"@type":"ListItem","position":3,"name":"MegaProject Management eXpert"}]},{"@type":"WebSite","@id":"https:\/\/projectumcert.com\/#website","url":"https:\/\/projectumcert.com\/","name":"Projectum Cert","description":"Projectum Cert","publisher":{"@id":"https:\/\/projectumcert.com\/#organization"},"potentialAction":[{"@type":"SearchAction","target":{"@type":"EntryPoint","urlTemplate":"https:\/\/projectumcert.com\/?s={search_term_string}"},"query-input":{"@type":"PropertyValueSpecification","valueRequired":true,"valueName":"search_term_string"}}],"inLanguage":"fr-FR"},{"@type":"Organization","@id":"https:\/\/projectumcert.com\/#organization","name":"Projectum Cert","url":"https:\/\/projectumcert.com\/","logo":{"@type":"ImageObject","inLanguage":"fr-FR","@id":"https:\/\/projectumcert.com\/#\/schema\/logo\/image\/","url":"https:\/\/projectumcert.com\/wp-content\/uploads\/2024\/12\/PC_V-original.webp","contentUrl":"https:\/\/projectumcert.com\/wp-content\/uploads\/2024\/12\/PC_V-original.webp","width":500,"height":500,"caption":"Projectum Cert"},"image":{"@id":"https:\/\/projectumcert.com\/#\/schema\/logo\/image\/"},"sameAs":["https:\/\/www.facebook.com\/Projectumcert"]}]}},"_links":{"self":[{"href":"https:\/\/projectumcert.com\/fr\/wp-json\/wp\/v2\/product\/2610","targetHints":{"allow":["GET"]}}],"collection":[{"href":"https:\/\/projectumcert.com\/fr\/wp-json\/wp\/v2\/product"}],"about":[{"href":"https:\/\/projectumcert.com\/fr\/wp-json\/wp\/v2\/types\/product"}],"replies":[{"embeddable":true,"href":"https:\/\/projectumcert.com\/fr\/wp-json\/wp\/v2\/comments?post=2610"}],"wp:featuredmedia":[{"embeddable":true,"href":"https:\/\/projectumcert.com\/fr\/wp-json\/wp\/v2\/media\/3653"}],"wp:attachment":[{"href":"https:\/\/projectumcert.com\/fr\/wp-json\/wp\/v2\/media?parent=2610"}],"wp:term":[{"taxonomy":"product_brand","embeddable":true,"href":"https:\/\/projectumcert.com\/fr\/wp-json\/wp\/v2\/product_brand?post=2610"},{"taxonomy":"product_cat","embeddable":true,"href":"https:\/\/projectumcert.com\/fr\/wp-json\/wp\/v2\/product_cat?post=2610"},{"taxonomy":"product_tag","embeddable":true,"href":"https:\/\/projectumcert.com\/fr\/wp-json\/wp\/v2\/product_tag?post=2610"}],"curies":[{"name":"wp","href":"https:\/\/api.w.org\/{rel}","templated":true}]}}