{"id":2438,"date":"2025-04-21T21:12:37","date_gmt":"2025-04-22T02:12:37","guid":{"rendered":"https:\/\/projectumcert.com\/?post_type=product&#038;p=2438"},"modified":"2026-05-03T18:08:13","modified_gmt":"2026-05-03T23:08:13","slug":"certification-pmo","status":"publish","type":"product","link":"https:\/\/projectumcert.com\/fr\/product\/pmo-certification\/","title":{"rendered":"Project Management Office Senior eXpert"},"content":{"rendered":"<h3><span style=\"color: #1c3661;\">D\u00e9tails de l'Examen de PMO Certification<\/span><\/h3>\n<p><span style=\"color: #1c3661;\"><strong>Nom de la certification:<\/strong> Project Management Office Senior eXpert\u00a0 (PMO-SX)<\/span><br \/>\n<span style=\"color: #1c3661;\"><strong>Format<\/strong>: Questions \u00e0 choix multiples (QCM)<\/span><br \/>\n<span style=\"color: #1c3661;\"><strong>Modalit\u00e9s:<\/strong> Bas\u00e9e sur le Web (navigateur), \u00e0 livre ferm\u00e9, sans aide ext\u00e9rieure, chronom\u00e9tr\u00e9.<\/span><br \/>\n<span style=\"color: #1c3661;\"><strong>Dur\u00e9e:<\/strong> Une fois l'examen commence, les candidats ont 60 minutes pour le compl\u00e9ter.<\/span><br \/>\n<span style=\"color: #1c3661;\"><strong>Nombre de Questions:<\/strong> 40.<\/span><br \/>\n<span style=\"color: #1c3661;\"><strong>Note De Passage:<\/strong> 75%.<\/span><br \/>\n<span style=\"color: #1c3661;\"><strong>Langues Disponibles:<\/strong> English, Spanish, French and Portuguese and\u00a0<span style=\"color: #003366;\">\u0627\u0644\u0639\u0631\u0628\u064a\u0629.<\/span><\/span><br \/>\n<strong><span style=\"color: #1c3661;\">Conditions pr\u00e9alables:<\/span><\/strong><br \/>\n<span style=\"color: #1c3661;\">\u2022 Au moins 7 \u00e0 10 ans d'exp\u00e9rience dans la direction ou de contribuer \u00e0 des projets stimulants.<\/span><br \/>\n<span style=\"color: #1c3661;\">\u2022 Un dipl\u00f4me universitaire (baccalaur\u00e9at ou niveau sup\u00e9rieur).<\/span><br \/>\n<span style=\"color: #1c3661;\">\u2022 Un minimum de 80 heures de cours formels de gestion de projet de formation.<\/span><br \/>\n<span style=\"color: #1c3661;\">\u2022 Un public LinkedIn profil montrant du projet pertinente exp\u00e9rience professionnelle et avenants.<\/span><br \/>\n<span style=\"color: #1c3661;\"><strong>Surveill\u00e9 examen:<\/strong> En ligne proctoring<\/span><br \/>\n<span style=\"color: #1c3661;\"><strong>Expiration de la certification:<\/strong>\u00a02 ans<\/span><\/p>","protected":false},"excerpt":{"rendered":"<p><span style=\"color: #1c3661;\">Un PMO (Project Management Office) est une \u00e9quipe centralis\u00e9e qui assure le succ\u00e8s des projets en \u00e9tablissant des cadres de gouvernance, en standardisant les processus et en alignant les projets sur les objectifs strat\u00e9giques de l\u2019entreprise. Le paysage du PMO va du soutien au contr\u00f4le et \u00e0 la direction, chaque r\u00f4le ayant des responsabilit\u00e9s diverses selon les besoins organisationnels, le niveau de maturit\u00e9 et le contexte industriel. <\/span><br \/>\n<span style=\"color: #1c3661;\">Les candidats doivent d\u00e9montrer une compr\u00e9hension approfondie de la valeur qu\u2019un PMO apporte dans diff\u00e9rents environnements organisationnels, y compris la gestion de portefeuille, l\u2019optimisation des ressources, la r\u00e9duction des risques, le suivi des performances et l\u2019alignement des parties prenantes. Ils sont cens\u00e9s interpr\u00e9ter les donn\u00e9es, orienter la prise de d\u00e9cision et garantir que les projets apportent une valeur mesurable \u00e0 l\u2019organisation. <\/span><br \/>\n<span style=\"color: #1c3661;\">Cette certification ne concerne pas le potentiel : elle repr\u00e9sente des comp\u00e9tences \u00e9prouv\u00e9es, une expertise avanc\u00e9e et un leadership de niveau senior. Elle valide la capacit\u00e9 \u00e0 concevoir, mettre en \u0153uvre et diriger des fonctions de PMO qui favorisent l\u2019excellence organisationnelle, encouragent l\u2019am\u00e9lioration continue et produisent des r\u00e9sultats coh\u00e9rents et \u00e0 fort impact dans des \u00e9cosyst\u00e8mes de projets complexes.<\/span><\/p>","protected":false},"featured_media":3654,"comment_status":"closed","ping_status":"closed","template":"","meta":{"_acf_changed":false},"product_brand":[],"product_cat":[22],"product_tag":[],"class_list":{"0":"post-2438","1":"product","2":"type-product","3":"status-publish","4":"has-post-thumbnail","6":"product_cat-project-management","8":"first","9":"instock","10":"shipping-taxable","11":"product-type-simple"},"acf":[],"yoast_head":"<!-- This site is optimized with the Yoast SEO Premium plugin v27.5 (Yoast SEO v27.5) - https:\/\/yoast.com\/product\/yoast-seo-premium-wordpress\/ -->\n<title>PMO Certification | Professional Certificate + Digital Badge<\/title>\n<meta name=\"description\" content=\"Get your PMO Certification with a free online exam and earn a Professional Certificate and digital badge. Advance your career with PCERT.\" \/>\n<meta name=\"robots\" content=\"index, follow, max-snippet:-1, max-image-preview:large, max-video-preview:-1\" \/>\n<link rel=\"canonical\" href=\"https:\/\/projectumcert.com\/fr\/produit\/certification-pmo\/\" \/>\n<meta property=\"og:locale\" content=\"fr_FR\" \/>\n<meta property=\"og:type\" content=\"article\" \/>\n<meta property=\"og:title\" content=\"Project Management Office Senior eXpert\" \/>\n<meta property=\"og:description\" content=\"Get your PMO Certification with a free online exam and earn a Professional Certificate and digital badge. Advance your career with PCERT.\" \/>\n<meta property=\"og:url\" content=\"https:\/\/projectumcert.com\/fr\/produit\/certification-pmo\/\" \/>\n<meta property=\"og:site_name\" content=\"Projectum Cert\" \/>\n<meta property=\"article:publisher\" content=\"https:\/\/www.facebook.com\/Projectumcert\" \/>\n<meta property=\"article:modified_time\" content=\"2026-05-03T23:08:13+00:00\" \/>\n<meta property=\"og:image\" content=\"https:\/\/projectumcert.com\/wp-content\/uploads\/2025\/04\/PMO-SX-2.webp\" \/>\n\t<meta property=\"og:image:width\" content=\"1667\" \/>\n\t<meta property=\"og:image:height\" content=\"1667\" \/>\n\t<meta property=\"og:image:type\" content=\"image\/webp\" \/>\n<meta name=\"twitter:card\" content=\"summary_large_image\" \/>\n<meta name=\"twitter:label1\" content=\"Dur\u00e9e de lecture estim\u00e9e\" \/>\n\t<meta name=\"twitter:data1\" content=\"1 minute\" \/>\n<script type=\"application\/ld+json\" class=\"yoast-schema-graph\">{\"@context\":\"https:\\\/\\\/schema.org\",\"@graph\":[{\"@type\":\"WebPage\",\"@id\":\"https:\\\/\\\/projectumcert.com\\\/product\\\/pmo-certification\\\/\",\"url\":\"https:\\\/\\\/projectumcert.com\\\/product\\\/pmo-certification\\\/\",\"name\":\"PMO Certification | Professional Certificate + Digital Badge\",\"isPartOf\":{\"@id\":\"https:\\\/\\\/projectumcert.com\\\/#website\"},\"primaryImageOfPage\":{\"@id\":\"https:\\\/\\\/projectumcert.com\\\/product\\\/pmo-certification\\\/#primaryimage\"},\"image\":{\"@id\":\"https:\\\/\\\/projectumcert.com\\\/product\\\/pmo-certification\\\/#primaryimage\"},\"thumbnailUrl\":\"https:\\\/\\\/projectumcert.com\\\/wp-content\\\/uploads\\\/2025\\\/04\\\/PMO-SX-2.webp\",\"datePublished\":\"2025-04-22T02:12:37+00:00\",\"dateModified\":\"2026-05-03T23:08:13+00:00\",\"description\":\"Get your PMO Certification with a free online exam and earn a Professional Certificate and digital badge. Advance your career with PCERT.\",\"breadcrumb\":{\"@id\":\"https:\\\/\\\/projectumcert.com\\\/product\\\/pmo-certification\\\/#breadcrumb\"},\"inLanguage\":\"fr-FR\",\"potentialAction\":[{\"@type\":\"ReadAction\",\"target\":[\"https:\\\/\\\/projectumcert.com\\\/product\\\/pmo-certification\\\/\"]}]},{\"@type\":\"ImageObject\",\"inLanguage\":\"fr-FR\",\"@id\":\"https:\\\/\\\/projectumcert.com\\\/product\\\/pmo-certification\\\/#primaryimage\",\"url\":\"https:\\\/\\\/projectumcert.com\\\/wp-content\\\/uploads\\\/2025\\\/04\\\/PMO-SX-2.webp\",\"contentUrl\":\"https:\\\/\\\/projectumcert.com\\\/wp-content\\\/uploads\\\/2025\\\/04\\\/PMO-SX-2.webp\",\"width\":1667,\"height\":1667,\"caption\":\"PMO Certification\"},{\"@type\":\"BreadcrumbList\",\"@id\":\"https:\\\/\\\/projectumcert.com\\\/product\\\/pmo-certification\\\/#breadcrumb\",\"itemListElement\":[{\"@type\":\"ListItem\",\"position\":1,\"name\":\"Home\",\"item\":\"https:\\\/\\\/projectumcert.com\\\/\"},{\"@type\":\"ListItem\",\"position\":2,\"name\":\"Shop\",\"item\":\"https:\\\/\\\/projectumcert.com\\\/shop\\\/\"},{\"@type\":\"ListItem\",\"position\":3,\"name\":\"Project Management Office Senior eXpert\"}]},{\"@type\":\"WebSite\",\"@id\":\"https:\\\/\\\/projectumcert.com\\\/#website\",\"url\":\"https:\\\/\\\/projectumcert.com\\\/\",\"name\":\"Projectum Cert\",\"description\":\"Projectum Cert\",\"publisher\":{\"@id\":\"https:\\\/\\\/projectumcert.com\\\/#organization\"},\"potentialAction\":[{\"@type\":\"SearchAction\",\"target\":{\"@type\":\"EntryPoint\",\"urlTemplate\":\"https:\\\/\\\/projectumcert.com\\\/?s={search_term_string}\"},\"query-input\":{\"@type\":\"PropertyValueSpecification\",\"valueRequired\":true,\"valueName\":\"search_term_string\"}}],\"inLanguage\":\"fr-FR\"},{\"@type\":\"Organization\",\"@id\":\"https:\\\/\\\/projectumcert.com\\\/#organization\",\"name\":\"Projectum Cert\",\"url\":\"https:\\\/\\\/projectumcert.com\\\/\",\"logo\":{\"@type\":\"ImageObject\",\"inLanguage\":\"fr-FR\",\"@id\":\"https:\\\/\\\/projectumcert.com\\\/#\\\/schema\\\/logo\\\/image\\\/\",\"url\":\"https:\\\/\\\/projectumcert.com\\\/wp-content\\\/uploads\\\/2024\\\/12\\\/PC_V-original.webp\",\"contentUrl\":\"https:\\\/\\\/projectumcert.com\\\/wp-content\\\/uploads\\\/2024\\\/12\\\/PC_V-original.webp\",\"width\":500,\"height\":500,\"caption\":\"Projectum Cert\"},\"image\":{\"@id\":\"https:\\\/\\\/projectumcert.com\\\/#\\\/schema\\\/logo\\\/image\\\/\"},\"sameAs\":[\"https:\\\/\\\/www.facebook.com\\\/Projectumcert\"]}]}<\/script>\n<!-- \/ Yoast SEO Premium plugin. -->","yoast_head_json":{"title":"Certification PMO | Certificat Professionnel + Badge Num\u00e9rique","description":"Obtenez votre certification PMO avec un examen en ligne gratuit et obtenez un certificat professionnel et un badge num\u00e9rique. Propulsez votre carri\u00e8re avec PCERT","robots":{"index":"index","follow":"follow","max-snippet":"max-snippet:-1","max-image-preview":"max-image-preview:large","max-video-preview":"max-video-preview:-1"},"canonical":"https:\/\/projectumcert.com\/fr\/produit\/certification-pmo\/","og_locale":"fr_FR","og_type":"article","og_title":"Project Management Office Senior eXpert","og_description":"Get your PMO Certification with a free online exam and earn a Professional Certificate and digital badge. Advance your career with PCERT.","og_url":"https:\/\/projectumcert.com\/fr\/produit\/certification-pmo\/","og_site_name":"Projectum Cert","article_publisher":"https:\/\/www.facebook.com\/Projectumcert","article_modified_time":"2026-05-03T23:08:13+00:00","og_image":[{"width":1667,"height":1667,"url":"https:\/\/projectumcert.com\/wp-content\/uploads\/2025\/04\/PMO-SX-2.webp","type":"image\/webp"}],"twitter_card":"summary_large_image","twitter_misc":{"Dur\u00e9e de lecture estim\u00e9e":"1 minute"},"schema":{"@context":"https:\/\/schema.org","@graph":[{"@type":"WebPage","@id":"https:\/\/projectumcert.com\/product\/pmo-certification\/","url":"https:\/\/projectumcert.com\/product\/pmo-certification\/","name":"Certification PMO | Certificat Professionnel + Badge Num\u00e9rique","isPartOf":{"@id":"https:\/\/projectumcert.com\/#website"},"primaryImageOfPage":{"@id":"https:\/\/projectumcert.com\/product\/pmo-certification\/#primaryimage"},"image":{"@id":"https:\/\/projectumcert.com\/product\/pmo-certification\/#primaryimage"},"thumbnailUrl":"https:\/\/projectumcert.com\/wp-content\/uploads\/2025\/04\/PMO-SX-2.webp","datePublished":"2025-04-22T02:12:37+00:00","dateModified":"2026-05-03T23:08:13+00:00","description":"Obtenez votre certification PMO avec un examen en ligne gratuit et obtenez un certificat professionnel et un badge num\u00e9rique. Propulsez votre carri\u00e8re avec PCERT","breadcrumb":{"@id":"https:\/\/projectumcert.com\/product\/pmo-certification\/#breadcrumb"},"inLanguage":"fr-FR","potentialAction":[{"@type":"ReadAction","target":["https:\/\/projectumcert.com\/product\/pmo-certification\/"]}]},{"@type":"ImageObject","inLanguage":"fr-FR","@id":"https:\/\/projectumcert.com\/product\/pmo-certification\/#primaryimage","url":"https:\/\/projectumcert.com\/wp-content\/uploads\/2025\/04\/PMO-SX-2.webp","contentUrl":"https:\/\/projectumcert.com\/wp-content\/uploads\/2025\/04\/PMO-SX-2.webp","width":1667,"height":1667,"caption":"PMO Certification"},{"@type":"BreadcrumbList","@id":"https:\/\/projectumcert.com\/product\/pmo-certification\/#breadcrumb","itemListElement":[{"@type":"ListItem","position":1,"name":"Home","item":"https:\/\/projectumcert.com\/"},{"@type":"ListItem","position":2,"name":"Shop","item":"https:\/\/projectumcert.com\/shop\/"},{"@type":"ListItem","position":3,"name":"Project Management Office Senior eXpert"}]},{"@type":"WebSite","@id":"https:\/\/projectumcert.com\/#website","url":"https:\/\/projectumcert.com\/","name":"Projectum Cert","description":"Projectum Cert","publisher":{"@id":"https:\/\/projectumcert.com\/#organization"},"potentialAction":[{"@type":"SearchAction","target":{"@type":"EntryPoint","urlTemplate":"https:\/\/projectumcert.com\/?s={search_term_string}"},"query-input":{"@type":"PropertyValueSpecification","valueRequired":true,"valueName":"search_term_string"}}],"inLanguage":"fr-FR"},{"@type":"Organization","@id":"https:\/\/projectumcert.com\/#organization","name":"Projectum Cert","url":"https:\/\/projectumcert.com\/","logo":{"@type":"ImageObject","inLanguage":"fr-FR","@id":"https:\/\/projectumcert.com\/#\/schema\/logo\/image\/","url":"https:\/\/projectumcert.com\/wp-content\/uploads\/2024\/12\/PC_V-original.webp","contentUrl":"https:\/\/projectumcert.com\/wp-content\/uploads\/2024\/12\/PC_V-original.webp","width":500,"height":500,"caption":"Projectum Cert"},"image":{"@id":"https:\/\/projectumcert.com\/#\/schema\/logo\/image\/"},"sameAs":["https:\/\/www.facebook.com\/Projectumcert"]}]}},"_links":{"self":[{"href":"https:\/\/projectumcert.com\/fr\/wp-json\/wp\/v2\/product\/2438","targetHints":{"allow":["GET"]}}],"collection":[{"href":"https:\/\/projectumcert.com\/fr\/wp-json\/wp\/v2\/product"}],"about":[{"href":"https:\/\/projectumcert.com\/fr\/wp-json\/wp\/v2\/types\/product"}],"replies":[{"embeddable":true,"href":"https:\/\/projectumcert.com\/fr\/wp-json\/wp\/v2\/comments?post=2438"}],"wp:featuredmedia":[{"embeddable":true,"href":"https:\/\/projectumcert.com\/fr\/wp-json\/wp\/v2\/media\/3654"}],"wp:attachment":[{"href":"https:\/\/projectumcert.com\/fr\/wp-json\/wp\/v2\/media?parent=2438"}],"wp:term":[{"taxonomy":"product_brand","embeddable":true,"href":"https:\/\/projectumcert.com\/fr\/wp-json\/wp\/v2\/product_brand?post=2438"},{"taxonomy":"product_cat","embeddable":true,"href":"https:\/\/projectumcert.com\/fr\/wp-json\/wp\/v2\/product_cat?post=2438"},{"taxonomy":"product_tag","embeddable":true,"href":"https:\/\/projectumcert.com\/fr\/wp-json\/wp\/v2\/product_tag?post=2438"}],"curies":[{"name":"wp","href":"https:\/\/api.w.org\/{rel}","templated":true}]}}