{"id":524,"date":"2025-01-12T02:34:38","date_gmt":"2025-01-12T02:34:38","guid":{"rendered":"https:\/\/projectumcert.mamzitsolutions.com\/?post_type=product&#038;p=524"},"modified":"2026-04-28T20:17:42","modified_gmt":"2026-04-29T01:17:42","slug":"certificacion-kanban","status":"publish","type":"product","link":"https:\/\/projectumcert.com\/es\/product\/kanban-certification\/","title":{"rendered":"Kanban Certified Specialist"},"content":{"rendered":"<h3><span style=\"color: #1c3661\">Detalles del Examen Online de Certificaci\u00f3n Kanban<\/span><\/h3>\n<p><span style=\"color: #1c3661\"><strong>Nombre:<\/strong> Kanban Certificado de Especialista \u2013 KCS<\/span><br \/>\n<span style=\"color: #1c3661\"><strong>Formato<\/strong> Preguntas de opci\u00f3n m\u00faltiple.<\/span><br \/>\n<span style=\"color: #1c3661\"><strong>Entrega<\/strong> Basada en Web (navegador \u00fanico), libro cerrado, sin asistencia externa, tiempo de espera.<\/span><br \/>\n<span style=\"color: #1c3661\"><strong>Duraci\u00f3n:<\/strong> Una vez que el examen comienza, los candidatos tienen 60 minutos para completarlo.<\/span><br \/>\n<span style=\"color: #1c3661\"><strong>N\u00famero de Preguntas:<\/strong> 40.<\/span><br \/>\n<span style=\"color: #1c3661\"><strong>Puntaje De Aprobaci\u00f3n:<\/strong> 75%.<\/span><br \/>\n<span style=\"color: #1c3661\"><strong>Idiomas Disponibles:<\/strong> English, Spanish, French, Portuguese and\u00a0<\/span><span style=\"color: #003366\">\u0627\u0644\u0639\u0631\u0628\u064a\u0629.<\/span><\/p>\n<p><span style=\"color: #1c3661\"><strong>Requisitos:<\/strong> Ninguno.<\/span><br \/>\n<span style=\"color: #1c3661\"><strong>Examen vigilado:<\/strong> La supervisi\u00f3n en l\u00ednea<\/span><br \/>\n<span style=\"color: #1c3661\"><strong>Certificaci\u00f3n De Vencimiento:<\/strong> 2 a\u00f1os<\/span><\/p>","protected":false},"excerpt":{"rendered":"<p><span style=\"color: #1c3661\">Elevar su equipo de la eficiencia operacional con la metodolog\u00eda Kanban. Esta certificaci\u00f3n valida su experiencia en la visualizaci\u00f3n y gesti\u00f3n de flujos de trabajo, la r\u00e1pida identificaci\u00f3n de cuellos de botella, y la mejora continua de los procesos de asegurar el valor se entrega m\u00e1s r\u00e1pida y eficaz a la vez que optimiza cada paso de sus operaciones.<\/span><\/p>\n<p><span style=\"color: #1c3661\">Como un Kanban de Especialista Certificado, est\u00e1 reconocido como un experto en agile optimizaci\u00f3n y adaptabilidad en la din\u00e1mica cambiante de los entornos. Esta certificaci\u00f3n confirma su maestr\u00eda y posiciones como un impulsor clave de la excelencia operativa, permitiendo a las empresas a prosperar y lograr resultados excepcionales.<\/span><\/p>","protected":false},"featured_media":3662,"comment_status":"closed","ping_status":"closed","template":"","meta":{"_acf_changed":false},"product_brand":[],"product_cat":[21],"product_tag":[],"class_list":{"0":"post-524","1":"product","2":"type-product","3":"status-publish","4":"has-post-thumbnail","6":"product_cat-agile","8":"first","9":"instock","10":"shipping-taxable","11":"product-type-simple"},"acf":[],"yoast_head":"<!-- This site is optimized with the Yoast SEO Premium plugin v27.5 (Yoast SEO v27.5) - https:\/\/yoast.com\/product\/yoast-seo-premium-wordpress\/ -->\n<title>Kanban Certification | Free Exam + Professional Certificate<\/title>\n<meta name=\"description\" content=\"Kanban Certification with a free online exam and earn a Professional Certificate and digital badge. Advance your career with PCERT.\" \/>\n<meta name=\"robots\" content=\"index, follow, max-snippet:-1, max-image-preview:large, max-video-preview:-1\" \/>\n<link rel=\"canonical\" href=\"https:\/\/projectumcert.com\/es\/product\/certificacion-kanban\/\" \/>\n<meta property=\"og:locale\" content=\"es_ES\" \/>\n<meta property=\"og:type\" content=\"article\" \/>\n<meta property=\"og:title\" content=\"Kanban Certified Specialist\" \/>\n<meta property=\"og:description\" content=\"Kanban Certification with a free online exam and earn a Professional Certificate and digital badge. Advance your career with PCERT.\" \/>\n<meta property=\"og:url\" content=\"https:\/\/projectumcert.com\/es\/product\/certificacion-kanban\/\" \/>\n<meta property=\"og:site_name\" content=\"Projectum Cert\" \/>\n<meta property=\"article:publisher\" content=\"https:\/\/www.facebook.com\/Projectumcert\" \/>\n<meta property=\"article:modified_time\" content=\"2026-04-29T01:17:42+00:00\" \/>\n<meta property=\"og:image\" content=\"https:\/\/projectumcert.com\/wp-content\/uploads\/2025\/01\/KCS.webp\" \/>\n\t<meta property=\"og:image:width\" content=\"1667\" \/>\n\t<meta property=\"og:image:height\" content=\"1667\" \/>\n\t<meta property=\"og:image:type\" content=\"image\/webp\" \/>\n<meta name=\"twitter:card\" content=\"summary_large_image\" \/>\n<meta name=\"twitter:label1\" content=\"Tiempo de lectura\" \/>\n\t<meta name=\"twitter:data1\" content=\"1 minuto\" \/>\n<script type=\"application\/ld+json\" class=\"yoast-schema-graph\">{\"@context\":\"https:\\\/\\\/schema.org\",\"@graph\":[{\"@type\":\"WebPage\",\"@id\":\"https:\\\/\\\/projectumcert.com\\\/product\\\/kanban-certification\\\/\",\"url\":\"https:\\\/\\\/projectumcert.com\\\/product\\\/kanban-certification\\\/\",\"name\":\"Kanban Certification | Free Exam + Professional Certificate\",\"isPartOf\":{\"@id\":\"https:\\\/\\\/projectumcert.com\\\/#website\"},\"primaryImageOfPage\":{\"@id\":\"https:\\\/\\\/projectumcert.com\\\/product\\\/kanban-certification\\\/#primaryimage\"},\"image\":{\"@id\":\"https:\\\/\\\/projectumcert.com\\\/product\\\/kanban-certification\\\/#primaryimage\"},\"thumbnailUrl\":\"https:\\\/\\\/projectumcert.com\\\/wp-content\\\/uploads\\\/2025\\\/01\\\/KCS.webp\",\"datePublished\":\"2025-01-12T02:34:38+00:00\",\"dateModified\":\"2026-04-29T01:17:42+00:00\",\"description\":\"Kanban Certification with a free online exam and earn a Professional Certificate and digital badge. Advance your career with PCERT.\",\"breadcrumb\":{\"@id\":\"https:\\\/\\\/projectumcert.com\\\/product\\\/kanban-certification\\\/#breadcrumb\"},\"inLanguage\":\"es\",\"potentialAction\":[{\"@type\":\"ReadAction\",\"target\":[\"https:\\\/\\\/projectumcert.com\\\/product\\\/kanban-certification\\\/\"]}]},{\"@type\":\"ImageObject\",\"inLanguage\":\"es\",\"@id\":\"https:\\\/\\\/projectumcert.com\\\/product\\\/kanban-certification\\\/#primaryimage\",\"url\":\"https:\\\/\\\/projectumcert.com\\\/wp-content\\\/uploads\\\/2025\\\/01\\\/KCS.webp\",\"contentUrl\":\"https:\\\/\\\/projectumcert.com\\\/wp-content\\\/uploads\\\/2025\\\/01\\\/KCS.webp\",\"width\":1667,\"height\":1667,\"caption\":\"Kanban Certification\"},{\"@type\":\"BreadcrumbList\",\"@id\":\"https:\\\/\\\/projectumcert.com\\\/product\\\/kanban-certification\\\/#breadcrumb\",\"itemListElement\":[{\"@type\":\"ListItem\",\"position\":1,\"name\":\"Home\",\"item\":\"https:\\\/\\\/projectumcert.com\\\/\"},{\"@type\":\"ListItem\",\"position\":2,\"name\":\"Shop\",\"item\":\"https:\\\/\\\/projectumcert.com\\\/shop\\\/\"},{\"@type\":\"ListItem\",\"position\":3,\"name\":\"Kanban Certified Specialist\"}]},{\"@type\":\"WebSite\",\"@id\":\"https:\\\/\\\/projectumcert.com\\\/#website\",\"url\":\"https:\\\/\\\/projectumcert.com\\\/\",\"name\":\"Projectum Cert\",\"description\":\"Projectum Cert\",\"publisher\":{\"@id\":\"https:\\\/\\\/projectumcert.com\\\/#organization\"},\"potentialAction\":[{\"@type\":\"SearchAction\",\"target\":{\"@type\":\"EntryPoint\",\"urlTemplate\":\"https:\\\/\\\/projectumcert.com\\\/?s={search_term_string}\"},\"query-input\":{\"@type\":\"PropertyValueSpecification\",\"valueRequired\":true,\"valueName\":\"search_term_string\"}}],\"inLanguage\":\"es\"},{\"@type\":\"Organization\",\"@id\":\"https:\\\/\\\/projectumcert.com\\\/#organization\",\"name\":\"Projectum Cert\",\"url\":\"https:\\\/\\\/projectumcert.com\\\/\",\"logo\":{\"@type\":\"ImageObject\",\"inLanguage\":\"es\",\"@id\":\"https:\\\/\\\/projectumcert.com\\\/#\\\/schema\\\/logo\\\/image\\\/\",\"url\":\"https:\\\/\\\/projectumcert.com\\\/wp-content\\\/uploads\\\/2024\\\/12\\\/PC_V-original.webp\",\"contentUrl\":\"https:\\\/\\\/projectumcert.com\\\/wp-content\\\/uploads\\\/2024\\\/12\\\/PC_V-original.webp\",\"width\":500,\"height\":500,\"caption\":\"Projectum Cert\"},\"image\":{\"@id\":\"https:\\\/\\\/projectumcert.com\\\/#\\\/schema\\\/logo\\\/image\\\/\"},\"sameAs\":[\"https:\\\/\\\/www.facebook.com\\\/Projectumcert\"]}]}<\/script>\n<!-- \/ Yoast SEO Premium plugin. -->","yoast_head_json":{"title":"Kanban Certification | Free Exam + Professional Certificate","description":"Kanban Certification with a free online exam and earn a Professional Certificate and digital badge. Advance your career with PCERT.","robots":{"index":"index","follow":"follow","max-snippet":"max-snippet:-1","max-image-preview":"max-image-preview:large","max-video-preview":"max-video-preview:-1"},"canonical":"https:\/\/projectumcert.com\/es\/product\/certificacion-kanban\/","og_locale":"es_ES","og_type":"article","og_title":"Kanban Certified Specialist","og_description":"Kanban Certification with a free online exam and earn a Professional Certificate and digital badge. Advance your career with PCERT.","og_url":"https:\/\/projectumcert.com\/es\/product\/certificacion-kanban\/","og_site_name":"Projectum Cert","article_publisher":"https:\/\/www.facebook.com\/Projectumcert","article_modified_time":"2026-04-29T01:17:42+00:00","og_image":[{"width":1667,"height":1667,"url":"https:\/\/projectumcert.com\/wp-content\/uploads\/2025\/01\/KCS.webp","type":"image\/webp"}],"twitter_card":"summary_large_image","twitter_misc":{"Tiempo de lectura":"1 minuto"},"schema":{"@context":"https:\/\/schema.org","@graph":[{"@type":"WebPage","@id":"https:\/\/projectumcert.com\/product\/kanban-certification\/","url":"https:\/\/projectumcert.com\/product\/kanban-certification\/","name":"Kanban Certification | Free Exam + Professional Certificate","isPartOf":{"@id":"https:\/\/projectumcert.com\/#website"},"primaryImageOfPage":{"@id":"https:\/\/projectumcert.com\/product\/kanban-certification\/#primaryimage"},"image":{"@id":"https:\/\/projectumcert.com\/product\/kanban-certification\/#primaryimage"},"thumbnailUrl":"https:\/\/projectumcert.com\/wp-content\/uploads\/2025\/01\/KCS.webp","datePublished":"2025-01-12T02:34:38+00:00","dateModified":"2026-04-29T01:17:42+00:00","description":"Kanban Certification with a free online exam and earn a Professional Certificate and digital badge. Advance your career with PCERT.","breadcrumb":{"@id":"https:\/\/projectumcert.com\/product\/kanban-certification\/#breadcrumb"},"inLanguage":"es","potentialAction":[{"@type":"ReadAction","target":["https:\/\/projectumcert.com\/product\/kanban-certification\/"]}]},{"@type":"ImageObject","inLanguage":"es","@id":"https:\/\/projectumcert.com\/product\/kanban-certification\/#primaryimage","url":"https:\/\/projectumcert.com\/wp-content\/uploads\/2025\/01\/KCS.webp","contentUrl":"https:\/\/projectumcert.com\/wp-content\/uploads\/2025\/01\/KCS.webp","width":1667,"height":1667,"caption":"Kanban Certification"},{"@type":"BreadcrumbList","@id":"https:\/\/projectumcert.com\/product\/kanban-certification\/#breadcrumb","itemListElement":[{"@type":"ListItem","position":1,"name":"Home","item":"https:\/\/projectumcert.com\/"},{"@type":"ListItem","position":2,"name":"Shop","item":"https:\/\/projectumcert.com\/shop\/"},{"@type":"ListItem","position":3,"name":"Kanban Certified Specialist"}]},{"@type":"WebSite","@id":"https:\/\/projectumcert.com\/#website","url":"https:\/\/projectumcert.com\/","name":"Projectum Cert","description":"Projectum Cert","publisher":{"@id":"https:\/\/projectumcert.com\/#organization"},"potentialAction":[{"@type":"SearchAction","target":{"@type":"EntryPoint","urlTemplate":"https:\/\/projectumcert.com\/?s={search_term_string}"},"query-input":{"@type":"PropertyValueSpecification","valueRequired":true,"valueName":"search_term_string"}}],"inLanguage":"es"},{"@type":"Organization","@id":"https:\/\/projectumcert.com\/#organization","name":"Projectum Cert","url":"https:\/\/projectumcert.com\/","logo":{"@type":"ImageObject","inLanguage":"es","@id":"https:\/\/projectumcert.com\/#\/schema\/logo\/image\/","url":"https:\/\/projectumcert.com\/wp-content\/uploads\/2024\/12\/PC_V-original.webp","contentUrl":"https:\/\/projectumcert.com\/wp-content\/uploads\/2024\/12\/PC_V-original.webp","width":500,"height":500,"caption":"Projectum Cert"},"image":{"@id":"https:\/\/projectumcert.com\/#\/schema\/logo\/image\/"},"sameAs":["https:\/\/www.facebook.com\/Projectumcert"]}]}},"_links":{"self":[{"href":"https:\/\/projectumcert.com\/es\/wp-json\/wp\/v2\/product\/524","targetHints":{"allow":["GET"]}}],"collection":[{"href":"https:\/\/projectumcert.com\/es\/wp-json\/wp\/v2\/product"}],"about":[{"href":"https:\/\/projectumcert.com\/es\/wp-json\/wp\/v2\/types\/product"}],"replies":[{"embeddable":true,"href":"https:\/\/projectumcert.com\/es\/wp-json\/wp\/v2\/comments?post=524"}],"wp:featuredmedia":[{"embeddable":true,"href":"https:\/\/projectumcert.com\/es\/wp-json\/wp\/v2\/media\/3662"}],"wp:attachment":[{"href":"https:\/\/projectumcert.com\/es\/wp-json\/wp\/v2\/media?parent=524"}],"wp:term":[{"taxonomy":"product_brand","embeddable":true,"href":"https:\/\/projectumcert.com\/es\/wp-json\/wp\/v2\/product_brand?post=524"},{"taxonomy":"product_cat","embeddable":true,"href":"https:\/\/projectumcert.com\/es\/wp-json\/wp\/v2\/product_cat?post=524"},{"taxonomy":"product_tag","embeddable":true,"href":"https:\/\/projectumcert.com\/es\/wp-json\/wp\/v2\/product_tag?post=524"}],"curies":[{"name":"wp","href":"https:\/\/api.w.org\/{rel}","templated":true}]}}