{"id":2438,"date":"2025-04-21T21:12:37","date_gmt":"2025-04-22T02:12:37","guid":{"rendered":"https:\/\/projectumcert.com\/?post_type=product&#038;p=2438"},"modified":"2026-05-03T18:08:13","modified_gmt":"2026-05-03T23:08:13","slug":"certificacion-pmo","status":"publish","type":"product","link":"https:\/\/projectumcert.com\/es\/product\/pmo-certification\/","title":{"rendered":"Project Management Office Senior eXpert"},"content":{"rendered":"<h3><span style=\"color: #1c3661;\">Detalles del Examen de PMO Certification<\/span><\/h3>\n<p><span style=\"color: #1c3661;\"><strong>Nombre:<\/strong> Project Management Office Senior eXpert\u00a0 (PMO-SX)<\/span><br \/>\n<span style=\"color: #1c3661;\"><strong>Format<\/strong>: Preguntas de elecci\u00f3n m\u00faltiple.<\/span><br \/>\n<span style=\"color: #1c3661;\"><strong>Entrega<\/strong> Basada en Web (navegador \u00fanico), libro cerrado, sin asistencia externa, tiempo de espera.<\/span><br \/>\n<span style=\"color: #1c3661;\"><strong>Duraci\u00f3n:<\/strong> Una vez que el examen comienza, los candidatos tienen 60 minutos para completarlo.<\/span><br \/>\n<span style=\"color: #1c3661;\"><strong>N\u00famero de Preguntas:<\/strong> 40.<\/span><br \/>\n<span style=\"color: #1c3661;\"><strong>Puntaje De Aprobaci\u00f3n:<\/strong> 75%.<\/span><br \/>\n<span style=\"color: #1c3661;\"><strong>Idiomas Disponibles:<\/strong> English, Spanish, French and Portuguese and\u00a0<span style=\"color: #003366;\">\u0627\u0644\u0639\u0631\u0628\u064a\u0629.<\/span><\/span><br \/>\n<strong><span style=\"color: #1c3661;\">Requisitos:<\/span><\/strong><br \/>\n<span style=\"color: #1c3661;\">\u2022 En menos de 7 a 10 a\u00f1os de experiencia liderando o contribuir a los proyectos desafiantes.<\/span><br \/>\n<span style=\"color: #1c3661;\">\u2022 Completado un grado universitario (licenciatura o superior).<\/span><br \/>\n<span style=\"color: #1c3661;\">\u2022 Un m\u00ednimo de 80 horas de formal de capacitaci\u00f3n en gesti\u00f3n de proyectos.<\/span><br \/>\n<span style=\"color: #1c3661;\">\u2022 Un perfil p\u00fablico de LinkedIn muestra relevante de la experiencia del proyecto y profesional de los endosos.<\/span><br \/>\n<span style=\"color: #1c3661;\"><strong>Examen vigilado:<\/strong> La supervisi\u00f3n en l\u00ednea<\/span><br \/>\n<span style=\"color: #1c3661;\"><strong>Certificaci\u00f3n De Vencimiento:<\/strong>\u00a02 a\u00f1os<\/span><\/p>","protected":false},"excerpt":{"rendered":"<p><span style=\"color: #1c3661;\">Una PMO (Oficina de Gesti\u00f3n de Proyectos) es un equipo centralizado que garantiza el \u00e9xito de los proyectos mediante la creaci\u00f3n de marcos de gobernanza, la estandarizaci\u00f3n de procesos y la alineaci\u00f3n de los proyectos con los objetivos estrat\u00e9gicos del negocio. El panorama de la PMO abarca desde funciones de apoyo hasta roles de control y directivos, cada uno con responsabilidades diversas seg\u00fan las necesidades de la organizaci\u00f3n, los niveles de madurez y el contexto de la industria. <\/span><br \/>\n<span style=\"color: #1c3661;\">Los candidatos deben demostrar un conocimiento profundo del valor que una PMO aporta en diversos entornos organizacionales, incluyendo la gesti\u00f3n de portafolios, la optimizaci\u00f3n de recursos, la mitigaci\u00f3n de riesgos, el seguimiento del rendimiento y la alineaci\u00f3n de los interesados del proyecto. Se espera que interpreten datos, impulsen la toma de decisiones y aseguren que los proyectos aporten un valor medible a la organizaci\u00f3n. <\/span><br \/>\n<span style=\"color: #1c3661;\">Esta certificaci\u00f3n no se trata de potencial: representa capacidad comprobada, experiencia avanzada y liderazgo a nivel senior. Valida la habilidad de dise\u00f1ar, implementar y liderar funciones de PMO que impulsen la excelencia organizacional, fomenten la mejora continua y entreguen resultados consistentes de alto impacto en ecosistemas de proyectos complejos.<\/span><\/p>","protected":false},"featured_media":3654,"comment_status":"closed","ping_status":"closed","template":"","meta":{"_acf_changed":false},"product_brand":[],"product_cat":[22],"product_tag":[],"class_list":{"0":"post-2438","1":"product","2":"type-product","3":"status-publish","4":"has-post-thumbnail","6":"product_cat-project-management","8":"first","9":"instock","10":"shipping-taxable","11":"product-type-simple"},"acf":[],"yoast_head":"<!-- This site is optimized with the Yoast SEO Premium plugin v27.5 (Yoast SEO v27.5) - https:\/\/yoast.com\/product\/yoast-seo-premium-wordpress\/ -->\n<title>PMO Certification | Professional Certificate + Digital Badge<\/title>\n<meta name=\"description\" content=\"Get your PMO Certification with a free online exam and earn a Professional Certificate and digital badge. Advance your career with PCERT.\" \/>\n<meta name=\"robots\" content=\"index, follow, max-snippet:-1, max-image-preview:large, max-video-preview:-1\" \/>\n<link rel=\"canonical\" href=\"https:\/\/projectumcert.com\/es\/product\/certificacion-pmo\/\" \/>\n<meta property=\"og:locale\" content=\"es_ES\" \/>\n<meta property=\"og:type\" content=\"article\" \/>\n<meta property=\"og:title\" content=\"Project Management Office Senior eXpert\" \/>\n<meta property=\"og:description\" content=\"Get your PMO Certification with a free online exam and earn a Professional Certificate and digital badge. Advance your career with PCERT.\" \/>\n<meta property=\"og:url\" content=\"https:\/\/projectumcert.com\/es\/product\/certificacion-pmo\/\" \/>\n<meta property=\"og:site_name\" content=\"Projectum Cert\" \/>\n<meta property=\"article:publisher\" content=\"https:\/\/www.facebook.com\/Projectumcert\" \/>\n<meta property=\"article:modified_time\" content=\"2026-05-03T23:08:13+00:00\" \/>\n<meta property=\"og:image\" content=\"https:\/\/projectumcert.com\/wp-content\/uploads\/2025\/04\/PMO-SX-2.webp\" \/>\n\t<meta property=\"og:image:width\" content=\"1667\" \/>\n\t<meta property=\"og:image:height\" content=\"1667\" \/>\n\t<meta property=\"og:image:type\" content=\"image\/webp\" \/>\n<meta name=\"twitter:card\" content=\"summary_large_image\" \/>\n<meta name=\"twitter:label1\" content=\"Tiempo de lectura\" \/>\n\t<meta name=\"twitter:data1\" content=\"1 minuto\" \/>\n<script type=\"application\/ld+json\" class=\"yoast-schema-graph\">{\"@context\":\"https:\\\/\\\/schema.org\",\"@graph\":[{\"@type\":\"WebPage\",\"@id\":\"https:\\\/\\\/projectumcert.com\\\/product\\\/pmo-certification\\\/\",\"url\":\"https:\\\/\\\/projectumcert.com\\\/product\\\/pmo-certification\\\/\",\"name\":\"PMO Certification | Professional Certificate + Digital Badge\",\"isPartOf\":{\"@id\":\"https:\\\/\\\/projectumcert.com\\\/#website\"},\"primaryImageOfPage\":{\"@id\":\"https:\\\/\\\/projectumcert.com\\\/product\\\/pmo-certification\\\/#primaryimage\"},\"image\":{\"@id\":\"https:\\\/\\\/projectumcert.com\\\/product\\\/pmo-certification\\\/#primaryimage\"},\"thumbnailUrl\":\"https:\\\/\\\/projectumcert.com\\\/wp-content\\\/uploads\\\/2025\\\/04\\\/PMO-SX-2.webp\",\"datePublished\":\"2025-04-22T02:12:37+00:00\",\"dateModified\":\"2026-05-03T23:08:13+00:00\",\"description\":\"Get your PMO Certification with a free online exam and earn a Professional Certificate and digital badge. Advance your career with PCERT.\",\"breadcrumb\":{\"@id\":\"https:\\\/\\\/projectumcert.com\\\/product\\\/pmo-certification\\\/#breadcrumb\"},\"inLanguage\":\"es\",\"potentialAction\":[{\"@type\":\"ReadAction\",\"target\":[\"https:\\\/\\\/projectumcert.com\\\/product\\\/pmo-certification\\\/\"]}]},{\"@type\":\"ImageObject\",\"inLanguage\":\"es\",\"@id\":\"https:\\\/\\\/projectumcert.com\\\/product\\\/pmo-certification\\\/#primaryimage\",\"url\":\"https:\\\/\\\/projectumcert.com\\\/wp-content\\\/uploads\\\/2025\\\/04\\\/PMO-SX-2.webp\",\"contentUrl\":\"https:\\\/\\\/projectumcert.com\\\/wp-content\\\/uploads\\\/2025\\\/04\\\/PMO-SX-2.webp\",\"width\":1667,\"height\":1667,\"caption\":\"PMO Certification\"},{\"@type\":\"BreadcrumbList\",\"@id\":\"https:\\\/\\\/projectumcert.com\\\/product\\\/pmo-certification\\\/#breadcrumb\",\"itemListElement\":[{\"@type\":\"ListItem\",\"position\":1,\"name\":\"Home\",\"item\":\"https:\\\/\\\/projectumcert.com\\\/\"},{\"@type\":\"ListItem\",\"position\":2,\"name\":\"Shop\",\"item\":\"https:\\\/\\\/projectumcert.com\\\/shop\\\/\"},{\"@type\":\"ListItem\",\"position\":3,\"name\":\"Project Management Office Senior eXpert\"}]},{\"@type\":\"WebSite\",\"@id\":\"https:\\\/\\\/projectumcert.com\\\/#website\",\"url\":\"https:\\\/\\\/projectumcert.com\\\/\",\"name\":\"Projectum Cert\",\"description\":\"Projectum Cert\",\"publisher\":{\"@id\":\"https:\\\/\\\/projectumcert.com\\\/#organization\"},\"potentialAction\":[{\"@type\":\"SearchAction\",\"target\":{\"@type\":\"EntryPoint\",\"urlTemplate\":\"https:\\\/\\\/projectumcert.com\\\/?s={search_term_string}\"},\"query-input\":{\"@type\":\"PropertyValueSpecification\",\"valueRequired\":true,\"valueName\":\"search_term_string\"}}],\"inLanguage\":\"es\"},{\"@type\":\"Organization\",\"@id\":\"https:\\\/\\\/projectumcert.com\\\/#organization\",\"name\":\"Projectum Cert\",\"url\":\"https:\\\/\\\/projectumcert.com\\\/\",\"logo\":{\"@type\":\"ImageObject\",\"inLanguage\":\"es\",\"@id\":\"https:\\\/\\\/projectumcert.com\\\/#\\\/schema\\\/logo\\\/image\\\/\",\"url\":\"https:\\\/\\\/projectumcert.com\\\/wp-content\\\/uploads\\\/2024\\\/12\\\/PC_V-original.webp\",\"contentUrl\":\"https:\\\/\\\/projectumcert.com\\\/wp-content\\\/uploads\\\/2024\\\/12\\\/PC_V-original.webp\",\"width\":500,\"height\":500,\"caption\":\"Projectum Cert\"},\"image\":{\"@id\":\"https:\\\/\\\/projectumcert.com\\\/#\\\/schema\\\/logo\\\/image\\\/\"},\"sameAs\":[\"https:\\\/\\\/www.facebook.com\\\/Projectumcert\"]}]}<\/script>\n<!-- \/ Yoast SEO Premium plugin. -->","yoast_head_json":{"title":"Certificaci\u00f3n PMO | Certificado Profesional + Insignia Digital","description":"Obt\u00e9n tu Certificaci\u00f3n PMO con un examen online gratuito y gana un certificado profesional y una insignia digital. Impulsa tu carrera con PCERT","robots":{"index":"index","follow":"follow","max-snippet":"max-snippet:-1","max-image-preview":"max-image-preview:large","max-video-preview":"max-video-preview:-1"},"canonical":"https:\/\/projectumcert.com\/es\/product\/certificacion-pmo\/","og_locale":"es_ES","og_type":"article","og_title":"Project Management Office Senior eXpert","og_description":"Get your PMO Certification with a free online exam and earn a Professional Certificate and digital badge. Advance your career with PCERT.","og_url":"https:\/\/projectumcert.com\/es\/product\/certificacion-pmo\/","og_site_name":"Projectum Cert","article_publisher":"https:\/\/www.facebook.com\/Projectumcert","article_modified_time":"2026-05-03T23:08:13+00:00","og_image":[{"width":1667,"height":1667,"url":"https:\/\/projectumcert.com\/wp-content\/uploads\/2025\/04\/PMO-SX-2.webp","type":"image\/webp"}],"twitter_card":"summary_large_image","twitter_misc":{"Tiempo de lectura":"1 minuto"},"schema":{"@context":"https:\/\/schema.org","@graph":[{"@type":"WebPage","@id":"https:\/\/projectumcert.com\/product\/pmo-certification\/","url":"https:\/\/projectumcert.com\/product\/pmo-certification\/","name":"Certificaci\u00f3n PMO | Certificado Profesional + Insignia Digital","isPartOf":{"@id":"https:\/\/projectumcert.com\/#website"},"primaryImageOfPage":{"@id":"https:\/\/projectumcert.com\/product\/pmo-certification\/#primaryimage"},"image":{"@id":"https:\/\/projectumcert.com\/product\/pmo-certification\/#primaryimage"},"thumbnailUrl":"https:\/\/projectumcert.com\/wp-content\/uploads\/2025\/04\/PMO-SX-2.webp","datePublished":"2025-04-22T02:12:37+00:00","dateModified":"2026-05-03T23:08:13+00:00","description":"Obt\u00e9n tu Certificaci\u00f3n PMO con un examen online gratuito y gana un certificado profesional y una insignia digital. Impulsa tu carrera con PCERT","breadcrumb":{"@id":"https:\/\/projectumcert.com\/product\/pmo-certification\/#breadcrumb"},"inLanguage":"es","potentialAction":[{"@type":"ReadAction","target":["https:\/\/projectumcert.com\/product\/pmo-certification\/"]}]},{"@type":"ImageObject","inLanguage":"es","@id":"https:\/\/projectumcert.com\/product\/pmo-certification\/#primaryimage","url":"https:\/\/projectumcert.com\/wp-content\/uploads\/2025\/04\/PMO-SX-2.webp","contentUrl":"https:\/\/projectumcert.com\/wp-content\/uploads\/2025\/04\/PMO-SX-2.webp","width":1667,"height":1667,"caption":"PMO Certification"},{"@type":"BreadcrumbList","@id":"https:\/\/projectumcert.com\/product\/pmo-certification\/#breadcrumb","itemListElement":[{"@type":"ListItem","position":1,"name":"Home","item":"https:\/\/projectumcert.com\/"},{"@type":"ListItem","position":2,"name":"Shop","item":"https:\/\/projectumcert.com\/shop\/"},{"@type":"ListItem","position":3,"name":"Project Management Office Senior eXpert"}]},{"@type":"WebSite","@id":"https:\/\/projectumcert.com\/#website","url":"https:\/\/projectumcert.com\/","name":"Projectum Cert","description":"Projectum Cert","publisher":{"@id":"https:\/\/projectumcert.com\/#organization"},"potentialAction":[{"@type":"SearchAction","target":{"@type":"EntryPoint","urlTemplate":"https:\/\/projectumcert.com\/?s={search_term_string}"},"query-input":{"@type":"PropertyValueSpecification","valueRequired":true,"valueName":"search_term_string"}}],"inLanguage":"es"},{"@type":"Organization","@id":"https:\/\/projectumcert.com\/#organization","name":"Projectum Cert","url":"https:\/\/projectumcert.com\/","logo":{"@type":"ImageObject","inLanguage":"es","@id":"https:\/\/projectumcert.com\/#\/schema\/logo\/image\/","url":"https:\/\/projectumcert.com\/wp-content\/uploads\/2024\/12\/PC_V-original.webp","contentUrl":"https:\/\/projectumcert.com\/wp-content\/uploads\/2024\/12\/PC_V-original.webp","width":500,"height":500,"caption":"Projectum Cert"},"image":{"@id":"https:\/\/projectumcert.com\/#\/schema\/logo\/image\/"},"sameAs":["https:\/\/www.facebook.com\/Projectumcert"]}]}},"_links":{"self":[{"href":"https:\/\/projectumcert.com\/es\/wp-json\/wp\/v2\/product\/2438","targetHints":{"allow":["GET"]}}],"collection":[{"href":"https:\/\/projectumcert.com\/es\/wp-json\/wp\/v2\/product"}],"about":[{"href":"https:\/\/projectumcert.com\/es\/wp-json\/wp\/v2\/types\/product"}],"replies":[{"embeddable":true,"href":"https:\/\/projectumcert.com\/es\/wp-json\/wp\/v2\/comments?post=2438"}],"wp:featuredmedia":[{"embeddable":true,"href":"https:\/\/projectumcert.com\/es\/wp-json\/wp\/v2\/media\/3654"}],"wp:attachment":[{"href":"https:\/\/projectumcert.com\/es\/wp-json\/wp\/v2\/media?parent=2438"}],"wp:term":[{"taxonomy":"product_brand","embeddable":true,"href":"https:\/\/projectumcert.com\/es\/wp-json\/wp\/v2\/product_brand?post=2438"},{"taxonomy":"product_cat","embeddable":true,"href":"https:\/\/projectumcert.com\/es\/wp-json\/wp\/v2\/product_cat?post=2438"},{"taxonomy":"product_tag","embeddable":true,"href":"https:\/\/projectumcert.com\/es\/wp-json\/wp\/v2\/product_tag?post=2438"}],"curies":[{"name":"wp","href":"https:\/\/api.w.org\/{rel}","templated":true}]}}